{"id":4043,"date":"2020-01-05T15:27:03","date_gmt":"2020-01-05T14:27:03","guid":{"rendered":"http:\/\/testowa.tech\/?page_id=4043"},"modified":"2020-01-05T15:27:03","modified_gmt":"2020-01-05T14:27:03","slug":"deklaracja-ogolna-i-podstawowa","status":"publish","type":"page","link":"https:\/\/tobgsxndps.cfolks.pl\/index.php\/deklaracja-ogolna-i-podstawowa\/","title":{"rendered":"Deklaracja og\u00f3lna i podstawowa"},"content":{"rendered":"<p>[bt_bb_section layout=&#8221;boxed_1200&#8243; lazy_load=&#8221;yes&#8221; show_video_on_mobile=&#8221;&#8221; top_spacing=&#8221;medium&#8221; bottom_spacing=&#8221;large&#8221; full_screen=&#8221;&#8221; negative_margin=&#8221;&#8221; vertical_align=&#8221;top&#8221; color_scheme=&#8221;&#8221; background_color=&#8221;&#8221; background_image=&#8221;&#8221; background_overlay=&#8221;&#8221; parallax=&#8221;&#8221; parallax_offset=&#8221;&#8221; background_video_yt=&#8221;&#8221; yt_video_settings=&#8221;&#8221; background_video_mp4=&#8221;&#8221; background_video_ogg=&#8221;&#8221; background_video_webm=&#8221;&#8221; responsive=&#8221;&#8221; publish_datetime=&#8221;&#8221; expiry_datetime=&#8221;&#8221; el_id=&#8221;&#8221; el_class=&#8221;&#8221; el_style=&#8221;&#8221;][bt_bb_row][bt_bb_column lazy_load=&#8221;yes&#8221; width=&#8221;1\/1&#8243;][bt_bb_headline font_subset=&#8221;latin,latin-ext&#8221; superheadline=&#8221;&#8221; headline=&#8221;<strong>Deklaracja og\u00f3lna i podstawowa<\/strong><br \/>\n&#8221; subheadline=&#8221;&#8221; html_tag=&#8221;h3&#8243; align=&#8221;inherit&#8221; color_scheme=&#8221;&#8221; color=&#8221;&#8221; supertitle_position=&#8221;&#8221; font=&#8221;inherit&#8221; font_size=&#8221;&#8221; url=&#8221;&#8221; target=&#8221;_self&#8221; responsive=&#8221;&#8221; publish_datetime=&#8221;&#8221; expiry_datetime=&#8221;&#8221; el_id=&#8221;&#8221; el_class=&#8221;&#8221; el_style=&#8221;&#8221; size=&#8221;inherit&#8221; font_weight=&#8221;&#8221; dash=&#8221;none&#8221; supertitle_font_weight=&#8221;&#8221; subtitle_font_weight=&#8221;&#8221;][\/bt_bb_headline][bt_bb_separator top_spacing=&#8221;extra_small&#8221; bottom_spacing=&#8221;small&#8221; border_style=&#8221;none&#8221; color=&#8221;&#8221; border_width=&#8221;&#8221; responsive=&#8221;&#8221; publish_datetime=&#8221;&#8221; expiry_datetime=&#8221;&#8221; el_id=&#8221;&#8221; el_class=&#8221;&#8221; el_style=&#8221;&#8221;][\/bt_bb_separator][bt_bb_text]<\/p>\n<p style=\"text-align: justify;\"><em><strong><img loading=\"lazy\" decoding=\"async\" class=\"wp-image-3977 alignleft\" src=\"https:\/\/tobgsxndps.cfolks.pl\/wp-content\/uploads\/2020\/01\/01-640x427.jpg\" alt=\"\" width=\"288\" height=\"192\" \/>(Wyci\u0105g z Konstytucji Mi\u0119dzynarodowej Mi\u0119dzynarodowego Zakonu Wolnomularskiego LE DROIT HUMAIN)<\/strong><\/em><\/p>\n<p style=\"text-align: justify;\"><em>Wolnomularze obu p\u00f3\u0142kul, cz\u0142onkowie Mi\u0119dzynarodowego Mieszanego Zakonu Wolnomularskiego LE DROIT HUMAIN, zebrawszy si\u0119 na Konwencie Mi\u0119dzynarodowym w Zenicie Pary\u017ca, zainspirowani czcigodnymi za\u0142o\u017cycielami, wierni i wdzi\u0119czni prowadz\u0105 prace w ho\u0142dzie: S:. Marii Deraismes i B:. Georges Martin.<\/em><\/p>\n<p style=\"text-align: justify;\"><em>Id\u0105c za\u00a0przyk\u0142adem znamienitych poprzednik\u00f3w o\u015bwiadczaj\u0105, \u017ce \u0142\u0105czy ich braterska mi\u0142o\u015b\u0107 Ludzko\u015bci. Pragn\u0105 wprowadzi\u0107 w\u00a0\u017cycie, zar\u00f3wno w wolnomularstwie jak i\u00a0w\u00a0\u015bwiecie \u015bwieckim, idea\u0142y wyra\u017cone w\u00a0ha\u015ble: Wolno\u015b\u0107, R\u00f3wno\u015b\u0107, Braterstwo.<\/em><\/p>\n<p style=\"text-align: justify;\"><em>Ho\u0142duj\u0105c przekonaniu, \u017ce wolnomularska metoda jest jednym z\u00a0najlepszych narz\u0119dzi w\u00a0pracy nad doskonaleniem cz\u0142owieka, zamierzaj\u0105 wnie\u015b\u0107 sw\u00f3j wk\u0142ad ustanawiaj\u0105c Mi\u0119dzynarodow\u0105 Konstytucj\u0119 Wolnomularsk\u0105. Okre\u015bla ona prawa i\u00a0obowi\u0105zki ka\u017cdego i\u00a0wszystkich, zapewniaj\u0105c w\u00a0ten spos\u00f3b maksimum wolno\u015bci zgodnej z\u00a0dobrowolnie zaakceptowan\u0105 dyscyplin\u0105.<\/em><\/p>\n<hr \/>\n<p style=\"text-align: justify;\"><em>\u00a0 <\/em><\/p>\n<p style=\"text-align: justify;\"><em>&#8211; Mi\u0119dzynarodowy Mieszany Zakon Wolnomularski LE DROIT HUMAIN <strong>uznaje r\u00f3wno\u015b\u0107 kobiet i\u00a0m\u0119\u017cczyzn<\/strong>. W nazwie LE DROIT HUMAIN zawiera si\u0119 pragnienie, aby kobiety i m\u0119\u017cczy\u017ani na ca\u0142ym \u015bwiecie stali si\u0119 r\u00f3wni wobec prawa i Sprawiedliwo\u015bci Spo\u0142ecznej, b\u0119d\u0105cej ju\u017c udzia\u0142em ludzi w spo\u0142ecze\u0144stwach zorganizowanych na zasadach wolno\u015bci i braterstwa.<\/em><\/p>\n<p style=\"text-align: justify;\"><em>&#8211; Zakon sk\u0142adaj\u0105cy si\u0119 <strong>z\u00a0Wolnomularzy obydwu p\u0142ci<\/strong> po\u0142\u0105czonych wi\u0119zami braterskimi <strong>bez wzgl\u0119du na ras\u0119, przynale\u017cno\u015b\u0107 etniczn\u0105, pogl\u0105dy filozoficzne i\u00a0religi\u0119<\/strong>, zmierzaj\u0105c do celu narzuca sobie metod\u0119 pracy tak rytualn\u0105 jak i\u00a0symboliczn\u0105, przy pomocy kt\u00f3rej cz\u0142onkowie buduj\u0105 \u015awi\u0105tyni\u0119 na chwa\u0142\u0119 i\u00a0dla doskonalenia Ludzko\u015bci.<\/em><\/p>\n<p style=\"text-align: justify;\"><em>&#8211; <strong>Wierni zasadzie laicko\u015bci, w\u00a0poszanowaniu zasady absolutnej wolno\u015bci sumienia<\/strong> cz\u0142onkowie Zakonu pracuj\u0105 nad realizacj\u0105 zasady <strong>r\u00f3wno\u015bci, wolno\u015bci i\u00a0braterstwa<\/strong>. Pracuj\u0105 r\u00f3wnie\u017c nad zapewnieniem wszystkim ludziom maksymalnego rozwoju moralnego, intelektualnego i\u00a0duchowego, podstawowego warunku szcz\u0119\u015bcia mo\u017cliwego do osi\u0105gni\u0119cia przez ka\u017cdego tylko w\u00a0spo\u0142ecze\u0144stwie zorganizowanym na zasadzie braterstwa.<\/em><\/p>\n<p style=\"text-align: justify;\"><em>&#8211; <strong>Mi\u0119dzynarodowy Mieszany Zakon Wolnomularski nie wyznaje \u017cadnych dogmat\u00f3w i\u00a0odrzuca wszelkie jego formy<\/strong>, a\u00a0jego celem jest poszukiwanie Prawdy. Dlatego te\u017c dyskusje w\u00a0Lo\u017cach na tematy spo\u0142eczne i\u00a0religijne maj\u0105 na celu o\u015bwiecenie cz\u0142onk\u00f3w i\u00a0pe\u0142niejsze zrozumienie, by mogli lepiej wype\u0142nia\u0107 swe obowi\u0105zki jako Wolnomularze.<\/em><\/p>\n<p style=\"text-align: justify;\"><em>&#8211; Zasady i metody pracy przyj\u0119te przez Mi\u0119dzynarodowy Mieszany Zakon Wolnomularski LE DROIT HUMAIN s\u0105 zasadami <strong>Wielkich Konstytucji Szkockich z\u00a01786 roku<\/strong>, poprawionych na Konwencie dziewi\u0119ciu Rad Najwy\u017cszych r\u00f3\u017cnych kraj\u00f3w reprezentowanych w\u00a0Zenicie Lozanny w Szwajcarii w\u00a0dniu 22 wrze\u015bnia 1875\u00a0r.<\/em><\/p>\n<p style=\"text-align: justify;\"><em>&#8211; Lo\u017ce Mi\u0119dzynarodowego Mieszanego Zakonu Wolnomularskiego LE DROIT HUMAIN pracuj\u0105 <strong>\u201eNa Chwa\u0142\u0119 Wielkiego Architekta Wszech\u015bwiata\u201d i\/lub\u00a0\u201eDla Post\u0119pu Ludzko\u015bci\u201d<\/strong>.<\/em><\/p>\n<p>[\/bt_bb_text][bt_bb_separator top_spacing=&#8221;extra_small&#8221; bottom_spacing=&#8221;small&#8221; border_style=&#8221;none&#8221; color=&#8221;&#8221; border_width=&#8221;&#8221; responsive=&#8221;&#8221; publish_datetime=&#8221;&#8221; expiry_datetime=&#8221;&#8221; el_id=&#8221;&#8221; el_class=&#8221;&#8221; el_style=&#8221;&#8221;][\/bt_bb_separator][\/bt_bb_column][\/bt_bb_row][bt_bb_row column_gap=&#8221;&#8221; row_width=&#8221;boxed_1200&#8243; color_scheme=&#8221;&#8221; background_color=&#8221;&#8221; opacity=&#8221;&#8221; responsive=&#8221;&#8221; publish_datetime=&#8221;&#8221; expiry_datetime=&#8221;&#8221; el_id=&#8221;&#8221; el_class=&#8221;&#8221; el_style=&#8221;&#8221; layout=&#8221;&#8221;][bt_bb_column width=&#8221;1\/1&#8243; align=&#8221;center&#8221; color_scheme=&#8221;&#8221; vertical_align=&#8221;top&#8221; inner_color_scheme=&#8221;&#8221; animation=&#8221;fade_in zoom_in&#8221; responsive=&#8221;&#8221; padding=&#8221;normal&#8221; icon=&#8221;&#8221; icon_color_scheme=&#8221;&#8221; top_border=&#8221;&#8221; bottom_border=&#8221;&#8221; left_border=&#8221;&#8221; right_border=&#8221;&#8221; background_image=&#8221;&#8221; inner_background_image=&#8221;&#8221; lazy_load=&#8221;yes&#8221; background_color=&#8221;&#8221; inner_background_color=&#8221;&#8221; opacity=&#8221;&#8221; publish_datetime=&#8221;&#8221; expiry_datetime=&#8221;&#8221; el_id=&#8221;&#8221; el_class=&#8221;&#8221; el_style=&#8221;&#8221;][bt_bb_separator top_spacing=&#8221;medium&#8221; bottom_spacing=&#8221;&#8221; border_style=&#8221;none&#8221; color=&#8221;&#8221; border_width=&#8221;&#8221; responsive=&#8221;&#8221; publish_datetime=&#8221;&#8221; expiry_datetime=&#8221;&#8221; el_id=&#8221;&#8221; el_class=&#8221;&#8221; el_style=&#8221;&#8221;][\/bt_bb_separator][bt_bb_image lazy_load=&#8221;yes&#8221; image=&#8221;6313&#8243; size=&#8221;full&#8221; image_height=&#8221;&#8221; shape=&#8221;square&#8221; align=&#8221;inherit%$%%$%%$%%$%&#8221; caption=&#8221;&#8221; url=&#8221;&#8221; target=&#8221;_self&#8221; hover_style=&#8221;simple&#8221; content_display=&#8221;always&#8221; content_background_color=&#8221;&#8221; content_background_opacity=&#8221;&#8221; content_align=&#8221;middle&#8221; responsive=&#8221;&#8221; publish_datetime=&#8221;&#8221; expiry_datetime=&#8221;&#8221; el_id=&#8221;&#8221; el_class=&#8221;&#8221; el_style=&#8221;&#8221; animation=&#8221;no_animation&#8221;][\/bt_bb_image][\/bt_bb_column][\/bt_bb_row][bt_bb_row][bt_bb_column lazy_load=&#8221;yes&#8221; width=&#8221;1\/1&#8243;][\/bt_bb_column][\/bt_bb_row][\/bt_bb_section]<\/p>\n","protected":false},"excerpt":{"rendered":"<p>[bt_bb_section layout=&#8221;boxed_1200&#8243; lazy_load=&#8221;yes&#8221; show_video_on_mobile=&#8221;&#8221; top_spacing=&#8221;medium&#8221; bottom_spacing=&#8221;large&#8221; full_screen=&#8221;&#8221; negative_margin=&#8221;&#8221; vertical_align=&#8221;top&#8221; color_scheme=&#8221;&#8221; background_color=&#8221;&#8221; background_image=&#8221;&#8221; background_overlay=&#8221;&#8221; parallax=&#8221;&#8221; parallax_offset=&#8221;&#8221; background_video_yt=&#8221;&#8221; yt_video_settings=&#8221;&#8221; background_video_mp4=&#8221;&#8221; background_video_ogg=&#8221;&#8221; background_video_webm=&#8221;&#8221; responsive=&#8221;&#8221; publish_datetime=&#8221;&#8221; expiry_datetime=&#8221;&#8221; el_id=&#8221;&#8221; el_class=&#8221;&#8221; el_style=&#8221;&#8221;][bt_bb_row][bt_bb_column lazy_load=&#8221;yes&#8221; width=&#8221;1\/1&#8243;][bt_bb_headline font_subset=&#8221;latin,latin-ext&#8221; superheadline=&#8221;&#8221; headline=&#8221;Deklaracja og\u00f3lna i podstawowa &#8221; subheadline=&#8221;&#8221; html_tag=&#8221;h3&#8243; align=&#8221;inherit&#8221; color_scheme=&#8221;&#8221; color=&#8221;&#8221; supertitle_position=&#8221;&#8221; font=&#8221;inherit&#8221; font_size=&#8221;&#8221; url=&#8221;&#8221; target=&#8221;_self&#8221; responsive=&#8221;&#8221; publish_datetime=&#8221;&#8221; expiry_datetime=&#8221;&#8221; el_id=&#8221;&#8221; el_class=&#8221;&#8221; el_style=&#8221;&#8221; size=&#8221;inherit&#8221; font_weight=&#8221;&#8221; dash=&#8221;none&#8221; supertitle_font_weight=&#8221;&#8221; [&hellip;]<\/p>\n","protected":false},"author":2,"featured_media":0,"parent":0,"menu_order":0,"comment_status":"closed","ping_status":"closed","template":"","meta":{"footnotes":""},"class_list":["post-4043","page","type-page","status-publish","hentry"],"_links":{"self":[{"href":"https:\/\/tobgsxndps.cfolks.pl\/index.php\/wp-json\/wp\/v2\/pages\/4043"}],"collection":[{"href":"https:\/\/tobgsxndps.cfolks.pl\/index.php\/wp-json\/wp\/v2\/pages"}],"about":[{"href":"https:\/\/tobgsxndps.cfolks.pl\/index.php\/wp-json\/wp\/v2\/types\/page"}],"author":[{"embeddable":true,"href":"https:\/\/tobgsxndps.cfolks.pl\/index.php\/wp-json\/wp\/v2\/users\/2"}],"replies":[{"embeddable":true,"href":"https:\/\/tobgsxndps.cfolks.pl\/index.php\/wp-json\/wp\/v2\/comments?post=4043"}],"version-history":[{"count":0,"href":"https:\/\/tobgsxndps.cfolks.pl\/index.php\/wp-json\/wp\/v2\/pages\/4043\/revisions"}],"wp:attachment":[{"href":"https:\/\/tobgsxndps.cfolks.pl\/index.php\/wp-json\/wp\/v2\/media?parent=4043"}],"curies":[{"name":"wp","href":"https:\/\/api.w.org\/{rel}","templated":true}]}}