{"id":4060,"date":"2020-01-05T15:41:12","date_gmt":"2020-01-05T14:41:12","guid":{"rendered":"http:\/\/testowa.tech\/?page_id=4060"},"modified":"2020-01-05T15:41:12","modified_gmt":"2020-01-05T14:41:12","slug":"georges-martin","status":"publish","type":"page","link":"https:\/\/tobgsxndps.cfolks.pl\/index.php\/georges-martin\/","title":{"rendered":"Georges Martin"},"content":{"rendered":"<p>[bt_bb_section layout=&#8221;boxed_1200&#8243; lazy_load=&#8221;yes&#8221; show_video_on_mobile=&#8221;&#8221; top_spacing=&#8221;medium&#8221; bottom_spacing=&#8221;medium&#8221; full_screen=&#8221;&#8221; negative_margin=&#8221;&#8221; vertical_align=&#8221;top&#8221; color_scheme=&#8221;&#8221; background_color=&#8221;&#8221; background_image=&#8221;&#8221; background_overlay=&#8221;&#8221; parallax=&#8221;&#8221; parallax_offset=&#8221;&#8221; background_video_yt=&#8221;&#8221; yt_video_settings=&#8221;&#8221; background_video_mp4=&#8221;&#8221; background_video_ogg=&#8221;&#8221; background_video_webm=&#8221;&#8221; responsive=&#8221;&#8221; publish_datetime=&#8221;&#8221; expiry_datetime=&#8221;&#8221; el_id=&#8221;&#8221; el_class=&#8221;&#8221; el_style=&#8221;&#8221;][bt_bb_row][bt_bb_column lazy_load=&#8221;yes&#8221; width=&#8221;1\/1&#8243;][bt_bb_headline font_subset=&#8221;latin,latin-ext&#8221; superheadline=&#8221;&#8221; headline=&#8221;<strong>Georges Martin<\/strong><br \/>\n&#8221; subheadline=&#8221;&#8221; html_tag=&#8221;h3&#8243; align=&#8221;inherit&#8221; color_scheme=&#8221;&#8221; color=&#8221;&#8221; supertitle_position=&#8221;&#8221; font=&#8221;inherit&#8221; font_size=&#8221;&#8221; url=&#8221;&#8221; target=&#8221;_self&#8221; responsive=&#8221;&#8221; publish_datetime=&#8221;&#8221; expiry_datetime=&#8221;&#8221; el_id=&#8221;&#8221; el_class=&#8221;&#8221; el_style=&#8221;&#8221; size=&#8221;inherit&#8221; font_weight=&#8221;&#8221; dash=&#8221;none&#8221; supertitle_font_weight=&#8221;&#8221; subtitle_font_weight=&#8221;&#8221;][\/bt_bb_headline][bt_bb_separator top_spacing=&#8221;normal&#8221; bottom_spacing=&#8221;&#8221; border_style=&#8221;none&#8221; color=&#8221;&#8221; border_width=&#8221;&#8221; responsive=&#8221;&#8221; publish_datetime=&#8221;&#8221; expiry_datetime=&#8221;&#8221; el_id=&#8221;&#8221; el_class=&#8221;&#8221; el_style=&#8221;&#8221;][\/bt_bb_separator][bt_bb_text]<\/p>\n<p><img loading=\"lazy\" decoding=\"async\" class=\"size-full wp-image-4576 alignright\" src=\"https:\/\/tobgsxndps.cfolks.pl\/wp-content\/uploads\/2020\/01\/gregor-1.jpg\" alt=\"\" width=\"220\" height=\"304\" \/><\/p>\n<p style=\"text-align: justify;\"><strong>Wsp\u00f3\u0142za\u0142o\u017cyciel Mi\u0119dzynarodowego Mieszanego Zakonu Wolnomularskiego LE DROIT HUMAIN,<\/strong>\u00a0<strong>GEORGES MARTIN<\/strong>, urodzi\u0142 si\u0119 9 maja 1844 w Pary\u017cu. Ojciec, farmaceuta, oddaje go na studia licealne do Jezuit\u00f3w gdzie zrobi\u0142 matur\u0119 literack\u0105. Dwa lata p\u00f3\u017aniej uzyska\u0142 matur\u0119 es \u201esciences\u201d (nauk \u015bcis\u0142ych). Nast\u0119pnie sko\u0144czy\u0142 medycyn\u0119 i wykonywa\u0142 zaw\u00f3d lekarza z du\u017c\u0105 doz\u0105 szlachetno\u015bci i dobroduszno\u015bci tak w stosunku do ludzi biednych jak i bogatych.<\/p>\n<p style=\"text-align: justify;\">Georges\u2019a Martin bardzo wcze\u015bnie przekona\u0142y idee republika\u0144skie i laickie, co spowodowa\u0142o, \u017ce zacz\u0105\u0142 bra\u0107 udzia\u0142 w \u017cyciu spo\u0142ecznym i politycznym. W 1874 zosta\u0142 wybrany prezydentem Rady miejskiej Pary\u017ca, w 1884 prezydentem departamentalnej Rady generalnej i nast\u0119pnie zosta\u0142 senatorem departamentu Pary\u017ca.<\/p>\n<p style=\"text-align: justify;\"><strong>Ca\u0142e \u017cycie by\u0142 cz\u0142owiekiem akcji, co spowodowa\u0142o, \u017ce wciela\u0142 w \u017cycie idee republika\u0144skie i liberalne.\u00a0<\/strong>Mimo wychowania u Jezuit\u00f3w sta\u0142 si\u0119 ateist\u0105 i racjonalist\u0105, co nie wyklucza\u0142o skrupulatnego przestrzegania szacunku do wiary innych. Broni\u0142 jednak swych idei po to, aby zwyci\u0119\u017ca\u0142a Prawda, kt\u00f3r\u0105 w jego poj\u0119ciu by\u0142a Sprawiedliwo\u015b\u0107. Zawsze uwa\u017ca\u0142, \u017ce sprawiedliwo\u015bci\u0105 jest r\u00f3wno\u015b\u0107 mi\u0119dzy kobietami i m\u0119\u017cczyznami, czyli prawo cz\u0142owieka.<\/p>\n<p style=\"text-align: justify;\">O tyle o ile dzi\u0119ki inicjacji Maria Deraismes sta\u0142a si\u0119 kamieniem w\u0119gielnym wolnomularstwa mieszanego i p\u00f3\u017aniej \u017ce\u0144skiego, to Georges Martin by\u0142 rzeczywistym konstruktorem Wolnomularstwa mieszanego oraz tw\u00f3rc\u0105 Zakonu mi\u0119dzynarodowego.<\/p>\n<p style=\"text-align: justify;\"><strong>Georges Martin by\u0142 inicjowany 21 marca 1879 w Lo\u017cy \u201eUnion et Bienfaisance\u201d rytu Szkockiego, Dawnego i Uznanego.<\/strong>\u00a0B\u0119d\u0105c bardzo wra\u017cliwym na niesprawiedliwo\u015b\u0107 spo\u0142eczn\u0105, tak w \u017cyciu politycznym jak i w wolnomularstwie, zawsze aktywnie dzia\u0142a\u0142 na rzecz kobiet, g\u0142osz\u0105c wsz\u0119dzie konieczno\u015b\u0107 r\u00f3wnouprawnienia. Uwa\u017ca\u0142, \u017ce masoneria nie mo\u017ce by\u0107 konstruktywna bez udzia\u0142u kobiet.<\/p>\n<p style=\"text-align: justify;\"><strong>Dnia 14 stycznia 1889 nast\u0105pi\u0142 historyczny dzie\u0144 udzielenia \u015bwiat\u0142a w Lo\u017cy m\u0119skiej kobiecie, Marii Deraismes.<\/strong> Po tym ogromnym kroku naprz\u00f3d, gwa\u0142towne krytyki pochodz\u0105ce od cz\u0142onk\u00f3w wszystkich Obediencji u\u015bwiadomi\u0142y Bratu Georges\u2019owi, \u017ce jeszcze nie nadszed\u0142 czas na przyj\u0119cie kobiet do L\u00f3\u017c maso\u0144skich. Jednak dzi\u0119ki tej inicjacji, przy jego pomocy, Siostra Maria Deraismes stwarza Wielk\u0105 Lo\u017c\u0119 Symboliczn\u0105 Szkock\u0105 Francji \u201eLe Droit Humain\u201d. Jednocze\u015bnie Georges Martin afiliuje si\u0119 do niej, co powoduje powstanie Lo\u017cy mieszanej. Lo\u017ca ta sta\u0142a si\u0119 baz\u0105, na kt\u00f3rej zbudowano MI\u0118DZYNARODOWY MIESZANY ZAKON WOLNOMULARSKI LE DROIT HUMAN.<\/p>\n<p style=\"text-align: justify;\"><strong>Od roku 1883 do 1916 Georges Martin po\u015bwi\u0119ca si\u0119 rozwojowi nowego Zakonu i jego organizacj\u0105 Mi\u0119dzynarodow\u0105.<\/strong>\u00a0W roku 1901 doprowadza do stworzenia Rady Najwy\u017cszej Uniwersalnej i Mieszanej, co pozwoli\u0142o na przyznawanie patent\u00f3w Zakonu mieszanego lo\u017com ze wszystkich kraj\u00f3w.<\/p>\n<p>[\/bt_bb_text][\/bt_bb_column][\/bt_bb_row][\/bt_bb_section][bt_bb_section layout=&#8221;boxed_1200&#8243; lazy_load=&#8221;yes&#8221; show_video_on_mobile=&#8221;&#8221; top_spacing=&#8221;&#8221; bottom_spacing=&#8221;medium&#8221; full_screen=&#8221;&#8221; negative_margin=&#8221;&#8221; vertical_align=&#8221;top&#8221; color_scheme=&#8221;&#8221; background_color=&#8221;&#8221; background_image=&#8221;&#8221; background_overlay=&#8221;&#8221; parallax=&#8221;&#8221; parallax_offset=&#8221;&#8221; background_video_yt=&#8221;&#8221; yt_video_settings=&#8221;&#8221; background_video_mp4=&#8221;&#8221; background_video_ogg=&#8221;&#8221; background_video_webm=&#8221;&#8221; responsive=&#8221;&#8221; publish_datetime=&#8221;&#8221; expiry_datetime=&#8221;&#8221; el_id=&#8221;&#8221; el_class=&#8221;&#8221; el_style=&#8221;&#8221;][bt_bb_row][bt_bb_column lazy_load=&#8221;yes&#8221; width=&#8221;1\/1&#8243; align=&#8221;center&#8221; color_scheme=&#8221;&#8221; vertical_align=&#8221;top&#8221; inner_color_scheme=&#8221;&#8221; animation=&#8221;fade_in zoom_in&#8221; responsive=&#8221;&#8221; padding=&#8221;normal&#8221; icon=&#8221;&#8221; icon_color_scheme=&#8221;&#8221; top_border=&#8221;&#8221; bottom_border=&#8221;&#8221; left_border=&#8221;&#8221; right_border=&#8221;&#8221; background_image=&#8221;&#8221; inner_background_image=&#8221;&#8221; background_color=&#8221;&#8221; inner_background_color=&#8221;&#8221; opacity=&#8221;&#8221; publish_datetime=&#8221;&#8221; expiry_datetime=&#8221;&#8221; el_id=&#8221;&#8221; el_class=&#8221;&#8221; el_style=&#8221;&#8221;][bt_bb_image lazy_load=&#8221;yes&#8221; image=&#8221;5751&#8243; size=&#8221;full&#8221; image_height=&#8221;&#8221; shape=&#8221;square&#8221; align=&#8221;inherit&#8221; caption=&#8221;&#8221; url=&#8221;&#8221; target=&#8221;_self&#8221; hover_style=&#8221;simple&#8221; content_display=&#8221;always&#8221; content_background_color=&#8221;&#8221; content_background_opacity=&#8221;&#8221; content_align=&#8221;middle&#8221; responsive=&#8221;&#8221; publish_datetime=&#8221;&#8221; expiry_datetime=&#8221;&#8221; el_id=&#8221;&#8221; el_class=&#8221;&#8221; el_style=&#8221;&#8221;][\/bt_bb_image][\/bt_bb_column][\/bt_bb_row][\/bt_bb_section]<\/p>\n","protected":false},"excerpt":{"rendered":"<p>[bt_bb_section layout=&#8221;boxed_1200&#8243; lazy_load=&#8221;yes&#8221; show_video_on_mobile=&#8221;&#8221; top_spacing=&#8221;medium&#8221; bottom_spacing=&#8221;medium&#8221; full_screen=&#8221;&#8221; negative_margin=&#8221;&#8221; vertical_align=&#8221;top&#8221; color_scheme=&#8221;&#8221; background_color=&#8221;&#8221; background_image=&#8221;&#8221; background_overlay=&#8221;&#8221; parallax=&#8221;&#8221; parallax_offset=&#8221;&#8221; background_video_yt=&#8221;&#8221; yt_video_settings=&#8221;&#8221; background_video_mp4=&#8221;&#8221; background_video_ogg=&#8221;&#8221; background_video_webm=&#8221;&#8221; responsive=&#8221;&#8221; publish_datetime=&#8221;&#8221; expiry_datetime=&#8221;&#8221; el_id=&#8221;&#8221; el_class=&#8221;&#8221; el_style=&#8221;&#8221;][bt_bb_row][bt_bb_column lazy_load=&#8221;yes&#8221; width=&#8221;1\/1&#8243;][bt_bb_headline font_subset=&#8221;latin,latin-ext&#8221; superheadline=&#8221;&#8221; headline=&#8221;Georges Martin &#8221; subheadline=&#8221;&#8221; html_tag=&#8221;h3&#8243; align=&#8221;inherit&#8221; color_scheme=&#8221;&#8221; color=&#8221;&#8221; supertitle_position=&#8221;&#8221; font=&#8221;inherit&#8221; font_size=&#8221;&#8221; url=&#8221;&#8221; target=&#8221;_self&#8221; responsive=&#8221;&#8221; publish_datetime=&#8221;&#8221; expiry_datetime=&#8221;&#8221; el_id=&#8221;&#8221; el_class=&#8221;&#8221; el_style=&#8221;&#8221; size=&#8221;inherit&#8221; font_weight=&#8221;&#8221; dash=&#8221;none&#8221; supertitle_font_weight=&#8221;&#8221; subtitle_font_weight=&#8221;&#8221;][\/bt_bb_headline][bt_bb_separator top_spacing=&#8221;normal&#8221; [&hellip;]<\/p>\n","protected":false},"author":2,"featured_media":0,"parent":0,"menu_order":0,"comment_status":"closed","ping_status":"closed","template":"","meta":{"footnotes":""},"class_list":["post-4060","page","type-page","status-publish","hentry"],"_links":{"self":[{"href":"https:\/\/tobgsxndps.cfolks.pl\/index.php\/wp-json\/wp\/v2\/pages\/4060"}],"collection":[{"href":"https:\/\/tobgsxndps.cfolks.pl\/index.php\/wp-json\/wp\/v2\/pages"}],"about":[{"href":"https:\/\/tobgsxndps.cfolks.pl\/index.php\/wp-json\/wp\/v2\/types\/page"}],"author":[{"embeddable":true,"href":"https:\/\/tobgsxndps.cfolks.pl\/index.php\/wp-json\/wp\/v2\/users\/2"}],"replies":[{"embeddable":true,"href":"https:\/\/tobgsxndps.cfolks.pl\/index.php\/wp-json\/wp\/v2\/comments?post=4060"}],"version-history":[{"count":0,"href":"https:\/\/tobgsxndps.cfolks.pl\/index.php\/wp-json\/wp\/v2\/pages\/4060\/revisions"}],"wp:attachment":[{"href":"https:\/\/tobgsxndps.cfolks.pl\/index.php\/wp-json\/wp\/v2\/media?parent=4060"}],"curies":[{"name":"wp","href":"https:\/\/api.w.org\/{rel}","templated":true}]}}