{"id":4166,"date":"2020-01-05T18:37:13","date_gmt":"2020-01-05T17:37:13","guid":{"rendered":"http:\/\/testowa.tech\/?page_id=4166"},"modified":"2020-01-05T18:37:13","modified_gmt":"2020-01-05T17:37:13","slug":"planche-dun-compagnon","status":"publish","type":"page","link":"https:\/\/tobgsxndps.cfolks.pl\/index.php\/planche-dun-compagnon\/","title":{"rendered":"Planche d&#8217;un compagnon"},"content":{"rendered":"<p>[bt_bb_section layout=&#8221;boxed_1200&#8243; lazy_load=&#8221;yes&#8221; show_video_on_mobile=&#8221;&#8221; top_spacing=&#8221;extra_large&#8221; bottom_spacing=&#8221;extra_large&#8221; full_screen=&#8221;&#8221; negative_margin=&#8221;&#8221; vertical_align=&#8221;top&#8221; color_scheme=&#8221;&#8221; background_color=&#8221;&#8221; background_image=&#8221;&#8221; background_overlay=&#8221;&#8221; parallax=&#8221;&#8221; parallax_offset=&#8221;&#8221; background_video_yt=&#8221;&#8221; yt_video_settings=&#8221;&#8221; background_video_mp4=&#8221;&#8221; background_video_ogg=&#8221;&#8221; background_video_webm=&#8221;&#8221; responsive=&#8221;&#8221; publish_datetime=&#8221;&#8221; expiry_datetime=&#8221;&#8221; el_id=&#8221;&#8221; el_class=&#8221;&#8221; el_style=&#8221;&#8221;][bt_bb_row][bt_bb_column lazy_load=&#8221;yes&#8221; width=&#8221;1\/1&#8243;][bt_bb_headline font_subset=&#8221;latin,latin-ext&#8221; superheadline=&#8221;&#8221; headline=&#8221;<strong>Planche d&#8217;un compagnon<\/strong>&#8221; subheadline=&#8221;&#8221; html_tag=&#8221;h3&#8243; align=&#8221;inherit&#8221; color_scheme=&#8221;&#8221; color=&#8221;&#8221; supertitle_position=&#8221;&#8221; font=&#8221;inherit&#8221; font_size=&#8221;&#8221; url=&#8221;&#8221; target=&#8221;_self&#8221; responsive=&#8221;&#8221; publish_datetime=&#8221;&#8221; expiry_datetime=&#8221;&#8221; el_id=&#8221;&#8221; el_class=&#8221;&#8221; el_style=&#8221;&#8221; size=&#8221;inherit&#8221; font_weight=&#8221;&#8221; dash=&#8221;none&#8221; supertitle_font_weight=&#8221;&#8221; subtitle_font_weight=&#8221;&#8221;][\/bt_bb_headline][bt_bb_text]<\/p>\n<p><strong>De la perpendiculaire au niveau ou un premier bilan de l&#8217;immense chemin qu&#8217;il me reste \u00e0 faire.<\/strong><\/p>\n<p>La perpendiculaire est un outil qui montre la verticale et le niveau un autre outil du ma\u00e7on qui lui montre l&#8217;horizontal. Ce sont deux outils d&#8217;orientation qui nous permettent de savoir o\u00f9 nous en sommes et de nous orienter dans l&#8217;espace.<\/p>\n<p>Sur le plan symbolique, ils sont associ\u00e9s \u00e0 \u00e9lever sans cesse l&#8217;am\u00e9lioration de l&#8217;\u00e9tat moral et mat\u00e9riel des individus et de la soci\u00e9t\u00e9 enti\u00e8re (perpendiculaire)\u00a0 et au nivellement des in\u00e9galit\u00e9s arbitraires (niveau). Je m&#8217;attacherai \u00e0 ces deux symboles pour faire le point sur ce que j&#8217;ai appris, ressenti et compris pendant mon ann\u00e9e d&#8217;apprentis et ces premiers mois de compagnon.<\/p>\n<p>Ma d\u00e9couverte du symbolisme :<\/p>\n<p>Il taille sa pierre en associant l&#8217;esprit critique \u00e0 une \u00e9coute des anciens. En d\u00e9couvrant le symbolisme, je l&#8217;ai rapidement compar\u00e9 aux analogies faites dans le monde profane pour mieux saisir le sens d&#8217;une id\u00e9e, d&#8217;un raisonnement. J&#8217;y ai vu comme un langage qu&#8217;il faut manipuler avec force connaissances et qui n\u00e9cessite une rigueur d&#8217;apprentissage que je n&#8217;ai malheureusement pas encore acquise a ce jour.<\/p>\n<p>Le Rituel insiste sur le fait qu\u2019 \u00ab<em>ici, tout est symbole<\/em>\u00bb. Notre compr\u00e9hension naturelle des symboles repose sur notre v\u00e9cu, notre propre histoire. Si j&#8217;ai bien compris, les symboles s\u2019interpr\u00e8tent \u00e0 l\u2019aide de clefs, suivant le niveau de nos connaissances symboliques. C&#8217;est un point sur lequel je dois investir du temps par l&#8217;apprentissage de mes ain\u00e9s et par des lectures recommand\u00e9es. En attendant, elles sont pour moi le reflet d&#8217;actes \u00e0 accomplir pendant les tenues en loge.\u00a0 Elles sont utiles de mon point de vue au respect des autres, notamment la prise de parole, et permettent de dominer nos \u00e9motions par la patience et la r\u00e9flexion qui en sciences cognitives sont n\u00e9cessaires pour \u00e9tablir une pens\u00e9e alternative.<\/p>\n<p>En effet la paresse de notre cerveau et le flux important d&#8217;informations qui le sollicite font qu\u2019on r\u00e9agit dans beaucoup de cas avec des pens\u00e9es automatiques bien enracin\u00e9es (des pr\u00e9juges). Cela simplifie la vie et \u00e9vite de se fatiguer&#8230;<\/p>\n<p>alors qu&#8217;une r\u00e9flexion constructive pour une communication dynamique n\u00e9cessite une remise en cause permanente de ces automatismes. Je retrouve cela dans le temple et je pense les rituels utiles \u00e0 ce m\u00e9canisme en apportant ce recul n\u00e9cessaire \u00e0 la domination de notre nature animale.<\/p>\n<p>J&#8217;ai \u00e9galement compris que le but de la Franc-Ma\u00e7onnerie \u00e9tait de travailler \u00e0 l&#8217;av\u00e8nement d&#8217;un monde plus juste. Pour cela les bonnes intentions et les d\u00e9clarations ne sont pas suffisantes, il ne suffit pas d&#8217;apprendre quelques rites de fraternit\u00e9 pour emp\u00eacher les hommes de se faire mutuellement du mal. Ce qui me semble int\u00e9ressant c&#8217;est de se demander pourquoi nous agissons ainsi, d&#8217;o\u00f9 viennent ces envies, d\u00e9sirs, passions et pulsions. Pour moi le travail sur la pierre brute signifie le travail sur soi et c&#8217;est en premier lieu en nous qu&#8217;il faut chercher \u00e0 comprendre. Mon m\u00e9tier dans le monde profane m&#8217;y pousse tous les jours, mais je travaille sur les autres alors qu&#8217;ici je travail sur moi.<\/p>\n<p>J&#8217;ai aussi compris qu&#8217;un ma\u00e7on dans quelque endroit ou dans quelque circonstance que ce soit, se doit a lui-m\u00eame de ne pratiquer que la tol\u00e9rance et de respecter l&#8217;intelligence et le talent des autres. J&#8217;adh\u00e8re particuli\u00e8rement \u00e0 cette id\u00e9e que je m&#8217;efforcerai toujours de suivre. C&#8217;est en effet un \u00e9norme travail sur soi- m\u00eame que de r\u00e9ussir a construire son identit\u00e9 sans haine et sans m\u00e9pris. J&#8217;ai remarqu\u00e9 notamment pendant cette ann\u00e9e de silence \u00e0 l&#8217;occasion de discussion que par le seul fait d&#8217;\u00e9couter, mes critiques et pulsions \u00e9voluaient et toujours dans le sens positif de l&#8217;ouverture aux id\u00e9es des autres. J&#8217;ai grandi en respect de la diff\u00e9rence et compris que l&#8217;observation et le silence \u00e9taient plus utiles que je le croyais. Et le jour o\u00f9 en tant que Compagnon j\u2019ai pu m\u2019exprimer, cela a \u00e9t\u00e9 fait avec beaucoup de prudence et de doute. J\u2019avais \u00e0 la fois le respect des autres et celui des id\u00e9es d\u00e9j\u00e0 \u00e9missent sans oublier la joie de participer \u00e0 la construction des travaux.<\/p>\n<p>J&#8217;ai compris \u00e0 travers une planche et les nombreuses discussions qui en ont suivi que la fraternit\u00e9 est une base du pacte moral sur lequel repose l&#8217;Ordre Ma\u00e7onnique. L&#8217;amour du prochain n\u2019y remplace pas encore tous les sentiments qui peuvent diviser les hommes, mais j&#8217;y ai trouv\u00e9 une vraie fraternit\u00e9 et un accueil toujours r\u00e9el. Je citerai une phrase de Nietzsche que j&#8217;aime beaucoup\u00a0<strong>\u00ab\u00a0 J&#8217;aime ceux qui savent vivre autrement que pour disparaitre, car ils passent au-del\u00e0. Ce qu&#8217;il y a de grand dans l&#8217;homme, c&#8217;est qu&#8217;il est un pont et non un but\u00a0\u00bb<\/strong><\/p>\n<p>Ce qui m&#8217;a le plus g\u00ean\u00e9 au d\u00e9but c&#8217;est l&#8217;acclamation \u00ab\u00a0libert\u00e9, \u00e9galit\u00e9, fraternit\u00e9\u00a0\u00bb, elle m&#8217;a paru un tantinet d\u00e9plac\u00e9e, mais c&#8217;est sans aucun doute d\u00fb \u00e0 mon v\u00e9cu. Elle exprime l&#8217;attitude g\u00e9n\u00e9rale que doit adopter tout citoyen dans le monde profane. Mais cette devise n&#8217;est pas r\u00e9ellement respect\u00e9e dans le monde profane. En revanche je crois comprendre qu&#8217;elle est un r\u00e9el id\u00e9al ma\u00e7onnique et j&#8217;esp\u00e8re y trouver une application plus vraie et humaine que le d\u00e9chainement des passions et app\u00e9tits insatiables, l&#8217;assouvissement brutal des \u00e9go\u00efsmes et les luttes implacables, violentes et sans merci des hommes dans le monde profane. Cette devise nous rappelle ce que nous devons aux autres et ce qu&#8217;ils nous doivent \u00e0 nous-m\u00eames. J&#8217;ai compris que les Ma\u00e7ons sont \u00e9gaux entre eux. Nul n&#8217;a le droit de se pr\u00e9valoir de son \u00e2ge, anciennet\u00e9, de son grade ou de son office pour revendiquer des privil\u00e8ges de quelques mani\u00e8res que ce soit et surtout imposer ses opinions a la collectivit\u00e9.<\/p>\n<p><strong>Les devoirs du ma\u00e7on :<\/strong><\/p>\n<p>En reprenant mon instruction d&#8217;apprentis, j&#8217;y lis :\u00a0<strong>\u00ab\u00a0L&#8217;ignorance et les pr\u00e9jug\u00e9s, la force et la ruse,\u00a0 dominent encore les soci\u00e9t\u00e9s humaines, masquant les v\u00e9rit\u00e9s essentielles. Les Temples ma\u00e7onniques deviennent, par contre, le creuset dans lequel les Hommes et les Femmes de bonne volont\u00e9 recherchent, par leur travail, la Lumi\u00e8re et la V\u00e9rit\u00e9\u00a0\u00bb.<\/strong><\/p>\n<p>En relisant cela, je vois bien le lien qu&#8217;il y a avec le symbolisme abord\u00e9 en premi\u00e8re partie, ainsi qu&#8217;avec le sujet traite : de la perpendiculaire au niveau.<\/p>\n<p>Ce qui m&#8217;apparait le plus important pour r\u00e9aliser ce r\u00eave, on en a d\u00e9j\u00e0 parl\u00e9, c&#8217;est\u00a0<strong>la tol\u00e9rance<\/strong>. Vis-\u00e0-vis de soi-m\u00eame elle nous enseigne l&#8217;humilit\u00e9 de ne jamais croire que nous d\u00e9tenons la v\u00e9rit\u00e9, mais de nous efforcer par le travail \u00e0 sa recherche et \u00e0 sa construction. Cette tol\u00e9rance nous la devons aussi aux autres, comment en effet comprendre le cheminement de l&#8217;autre si nous avons d\u00e9j\u00e0 du mal \u00e0 interpr\u00e9ter le notre. C&#8217;est pourquoi \u00e0 ce jour, j&#8217;essaye toujours et encore d&#8217;\u00e9couter mon c\u0153ur, c&#8217;est ce qui m&#8217;apparait le moins mauvais et qui me permet parfois apr\u00e8s une longue \u00e9coute de comprendre un peu mieux les autres.<\/p>\n<p>Mais il me faut \u00e9carter l&#8217;ivraie du bon grain et apprendre \u00e0 discerner la Lumi\u00e8re parmi toutes les petites v\u00e9rit\u00e9s que je crois reconnaitre. Je ne crois, pour ma part, en aucune v\u00e9rit\u00e9 absolue. La relativit\u00e9 m&#8217;apparaissant comme l&#8217;essence m\u00eame de la vie. Les lois scientifiques ne sont-elles pas, elles-m\u00eames, remises en cause en permanence et \u00e9voluent au fur et \u00e0 mesure des d\u00e9couvertes.<\/p>\n<p>Les r\u00e9flexions et travaux au sein de la loge laissent produire toutes les opinions et n&#8217;en adoptent aucune pour ce que j&#8217;ai vu \u00e0 ce jour, laissant chacun grandir avec sa conscience. Je me sens encore tr\u00e8s loin d&#8217;un travail fini, pour moi il est \u00e0 peine commenc\u00e9. Il est difficile de donner aux mots, aux faits leur sens propre, car ils sont utilis\u00e9s ou \u00e0 l&#8217;origine de mille et une choses dont j\u2019ignore la provenance. Je m&#8217;en tiens aux faits et esp\u00e8re que tout cela va durer et que j&#8217;y trouverai ce que je cherche : la paix et la s\u00e9r\u00e9nit\u00e9 dans le rapport \u00e0 l&#8217;autre et le vrai travail.<\/p>\n<p>[\/bt_bb_text][\/bt_bb_column][\/bt_bb_row][\/bt_bb_section]<\/p>\n","protected":false},"excerpt":{"rendered":"<p>[bt_bb_section layout=&#8221;boxed_1200&#8243; lazy_load=&#8221;yes&#8221; show_video_on_mobile=&#8221;&#8221; top_spacing=&#8221;extra_large&#8221; bottom_spacing=&#8221;extra_large&#8221; full_screen=&#8221;&#8221; negative_margin=&#8221;&#8221; vertical_align=&#8221;top&#8221; color_scheme=&#8221;&#8221; background_color=&#8221;&#8221; background_image=&#8221;&#8221; background_overlay=&#8221;&#8221; parallax=&#8221;&#8221; parallax_offset=&#8221;&#8221; background_video_yt=&#8221;&#8221; yt_video_settings=&#8221;&#8221; background_video_mp4=&#8221;&#8221; background_video_ogg=&#8221;&#8221; background_video_webm=&#8221;&#8221; responsive=&#8221;&#8221; publish_datetime=&#8221;&#8221; expiry_datetime=&#8221;&#8221; el_id=&#8221;&#8221; el_class=&#8221;&#8221; el_style=&#8221;&#8221;][bt_bb_row][bt_bb_column lazy_load=&#8221;yes&#8221; width=&#8221;1\/1&#8243;][bt_bb_headline font_subset=&#8221;latin,latin-ext&#8221; superheadline=&#8221;&#8221; headline=&#8221;Planche d&#8217;un compagnon&#8221; subheadline=&#8221;&#8221; html_tag=&#8221;h3&#8243; align=&#8221;inherit&#8221; color_scheme=&#8221;&#8221; color=&#8221;&#8221; supertitle_position=&#8221;&#8221; font=&#8221;inherit&#8221; font_size=&#8221;&#8221; url=&#8221;&#8221; target=&#8221;_self&#8221; responsive=&#8221;&#8221; publish_datetime=&#8221;&#8221; expiry_datetime=&#8221;&#8221; el_id=&#8221;&#8221; el_class=&#8221;&#8221; el_style=&#8221;&#8221; size=&#8221;inherit&#8221; font_weight=&#8221;&#8221; dash=&#8221;none&#8221; supertitle_font_weight=&#8221;&#8221; subtitle_font_weight=&#8221;&#8221;][\/bt_bb_headline][bt_bb_text] De [&hellip;]<\/p>\n","protected":false},"author":2,"featured_media":5852,"parent":0,"menu_order":0,"comment_status":"closed","ping_status":"closed","template":"","meta":{"footnotes":""},"class_list":["post-4166","page","type-page","status-publish","has-post-thumbnail","hentry"],"_links":{"self":[{"href":"https:\/\/tobgsxndps.cfolks.pl\/index.php\/wp-json\/wp\/v2\/pages\/4166"}],"collection":[{"href":"https:\/\/tobgsxndps.cfolks.pl\/index.php\/wp-json\/wp\/v2\/pages"}],"about":[{"href":"https:\/\/tobgsxndps.cfolks.pl\/index.php\/wp-json\/wp\/v2\/types\/page"}],"author":[{"embeddable":true,"href":"https:\/\/tobgsxndps.cfolks.pl\/index.php\/wp-json\/wp\/v2\/users\/2"}],"replies":[{"embeddable":true,"href":"https:\/\/tobgsxndps.cfolks.pl\/index.php\/wp-json\/wp\/v2\/comments?post=4166"}],"version-history":[{"count":0,"href":"https:\/\/tobgsxndps.cfolks.pl\/index.php\/wp-json\/wp\/v2\/pages\/4166\/revisions"}],"wp:featuredmedia":[{"embeddable":true,"href":"https:\/\/tobgsxndps.cfolks.pl\/index.php\/wp-json\/wp\/v2\/media\/5852"}],"wp:attachment":[{"href":"https:\/\/tobgsxndps.cfolks.pl\/index.php\/wp-json\/wp\/v2\/media?parent=4166"}],"curies":[{"name":"wp","href":"https:\/\/api.w.org\/{rel}","templated":true}]}}