{"id":5563,"date":"2020-03-29T17:56:54","date_gmt":"2020-03-29T15:56:54","guid":{"rendered":"http:\/\/testowa.tech\/?page_id=5563"},"modified":"2020-03-29T17:56:54","modified_gmt":"2020-03-29T15:56:54","slug":"orzel-bialy-katowice","status":"publish","type":"page","link":"https:\/\/tobgsxndps.cfolks.pl\/index.php\/orzel-bialy-katowice\/","title":{"rendered":"Orze\u0142 Bia\u0142y &#8211; Katowice"},"content":{"rendered":"<p>[bt_bb_section layout=&#8221;wide&#8221; lazy_load=&#8221;yes&#8221; show_video_on_mobile=&#8221;&#8221; top_spacing=&#8221;large&#8221; bottom_spacing=&#8221;large&#8221; full_screen=&#8221;&#8221; vertical_align=&#8221;top&#8221; negative_margin=&#8221;&#8221; color_scheme=&#8221;&#8221; background_color=&#8221;&#8221; background_image=&#8221;5276&#8243; background_overlay=&#8221;&#8221; parallax=&#8221;0.2&#8243; parallax_offset=&#8221;&#8221; background_video_yt=&#8221;&#8221; yt_video_settings=&#8221;&#8221; background_video_mp4=&#8221;&#8221; background_video_ogg=&#8221;&#8221; background_video_webm=&#8221;&#8221; responsive=&#8221;&#8221; publish_datetime=&#8221;&#8221; expiry_datetime=&#8221;&#8221; el_id=&#8221;&#8221; el_class=&#8221;&#8221; el_style=&#8221;&#8221;][bt_bb_row][bt_bb_column lazy_load=&#8221;yes&#8221; width=&#8221;1\/1&#8243; align=&#8221;center&#8221; color_scheme=&#8221;&#8221; vertical_align=&#8221;top&#8221; inner_color_scheme=&#8221;&#8221; animation=&#8221;fade_in&#8221; responsive=&#8221;&#8221; padding=&#8221;normal&#8221; icon=&#8221;&#8221; icon_size=&#8221;&#8221; icon_align=&#8221;&#8221; icon_color_scheme=&#8221;&#8221; background_image=&#8221;&#8221; inner_background_image=&#8221;&#8221; background_color=&#8221;&#8221; inner_background_color=&#8221;&#8221; opacity=&#8221;&#8221; publish_datetime=&#8221;&#8221; expiry_datetime=&#8221;&#8221; el_id=&#8221;&#8221; el_class=&#8221;&#8221; el_style=&#8221;&#8221;][bt_bb_separator top_spacing=&#8221;&#8221; bottom_spacing=&#8221;normal&#8221; border_style=&#8221;none&#8221; border_width=&#8221;&#8221; responsive=&#8221;&#8221; publish_datetime=&#8221;&#8221; expiry_datetime=&#8221;&#8221; el_id=&#8221;&#8221; el_class=&#8221;&#8221; el_style=&#8221;&#8221; color=&#8221;&#8221;][\/bt_bb_separator][bt_bb_headline font_subset=&#8221;latin,latin-ext&#8221; superheadline=&#8221;&#8221; headline=&#8221;Orze\u0142 Bia\u0142y<br \/>\n<strong>Katowice<\/strong>&#8221; subheadline=&#8221;&#8221; html_tag=&#8221;h3&#8243; align=&#8221;inherit&#8221; dash=&#8221;top&#8221; color_scheme=&#8221;dark-accent-skin&#8221; color=&#8221;&#8221; supertitle_position=&#8221;&#8221; font=&#8221;inherit&#8221; font_size=&#8221;&#8221; url=&#8221;&#8221; target=&#8221;_self&#8221; responsive=&#8221;&#8221; publish_datetime=&#8221;&#8221; expiry_datetime=&#8221;&#8221; el_id=&#8221;&#8221; el_class=&#8221;&#8221; el_style=&#8221;&#8221; size=&#8221;extralarge&#8221; font_weight=&#8221;&#8221; supertitle_font_weight=&#8221;&#8221; subtitle_font_weight=&#8221;&#8221;][\/bt_bb_headline][bt_bb_separator top_spacing=&#8221;&#8221; bottom_spacing=&#8221;normal&#8221; border_style=&#8221;none&#8221; border_width=&#8221;&#8221; responsive=&#8221;&#8221; publish_datetime=&#8221;&#8221; expiry_datetime=&#8221;&#8221; el_id=&#8221;&#8221; el_class=&#8221;&#8221; el_style=&#8221;&#8221; color=&#8221;&#8221;][\/bt_bb_separator][\/bt_bb_column][\/bt_bb_row][\/bt_bb_section][bt_bb_section layout=&#8221;boxed_1200&#8243; lazy_load=&#8221;yes&#8221; show_video_on_mobile=&#8221;&#8221;][bt_bb_row][bt_bb_column lazy_load=&#8221;yes&#8221; width=&#8221;1\/2&#8243; align=&#8221;center&#8221; color_scheme=&#8221;&#8221; vertical_align=&#8221;top&#8221; inner_color_scheme=&#8221;&#8221; animation=&#8221;fade_in zoom_in&#8221; responsive=&#8221;&#8221; padding=&#8221;normal&#8221; icon=&#8221;&#8221; icon_color_scheme=&#8221;&#8221; top_border=&#8221;&#8221; bottom_border=&#8221;&#8221; left_border=&#8221;&#8221; right_border=&#8221;&#8221; background_image=&#8221;&#8221; inner_background_image=&#8221;&#8221; background_color=&#8221;&#8221; inner_background_color=&#8221;&#8221; opacity=&#8221;&#8221; publish_datetime=&#8221;&#8221; expiry_datetime=&#8221;&#8221; el_id=&#8221;&#8221; el_class=&#8221;&#8221; el_style=&#8221;&#8221;][bt_bb_separator top_spacing=&#8221;medium&#8221; bottom_spacing=&#8221;&#8221; border_style=&#8221;none&#8221; color=&#8221;&#8221; border_width=&#8221;&#8221; responsive=&#8221;&#8221; publish_datetime=&#8221;&#8221; expiry_datetime=&#8221;&#8221; el_id=&#8221;&#8221; el_class=&#8221;&#8221; el_style=&#8221;&#8221;][\/bt_bb_separator][bt_bb_image lazy_load=&#8221;yes&#8221; image=&#8221;6159&#8243; size=&#8221;full&#8221; image_height=&#8221;&#8221; shape=&#8221;square&#8221; align=&#8221;inherit&#8221; caption=&#8221;&#8221; url=&#8221;&#8221; target=&#8221;_self&#8221; hover_style=&#8221;simple&#8221; content_display=&#8221;always&#8221; content_background_color=&#8221;&#8221; content_background_opacity=&#8221;&#8221; content_align=&#8221;middle&#8221; responsive=&#8221;&#8221; publish_datetime=&#8221;&#8221; expiry_datetime=&#8221;&#8221; el_id=&#8221;&#8221; el_class=&#8221;&#8221; el_style=&#8221;&#8221;][\/bt_bb_image][bt_bb_separator top_spacing=&#8221;normal&#8221; bottom_spacing=&#8221;&#8221; border_style=&#8221;none&#8221; color=&#8221;&#8221; border_width=&#8221;&#8221; responsive=&#8221;&#8221; publish_datetime=&#8221;&#8221; expiry_datetime=&#8221;&#8221; el_id=&#8221;&#8221; el_class=&#8221;&#8221; el_style=&#8221;&#8221;][\/bt_bb_separator][\/bt_bb_column][bt_bb_column width=&#8221;1\/2&#8243;][bt_bb_separator top_spacing=&#8221;medium&#8221; bottom_spacing=&#8221;&#8221; border_style=&#8221;none&#8221; color=&#8221;&#8221; border_width=&#8221;&#8221; responsive=&#8221;&#8221; publish_datetime=&#8221;&#8221; expiry_datetime=&#8221;&#8221; el_id=&#8221;&#8221; el_class=&#8221;&#8221; el_style=&#8221;&#8221;][\/bt_bb_separator][bt_bb_text]<\/p>\n<p><span style=\"color: #003366;\"><strong>Szanowna Lo\u017ca &#8222;Orze\u0142 Bia\u0142y&#8221; na Wschodzie Katowic<\/strong><\/span><\/p>\n<p style=\"text-align: justify;\">Nazwa Lo\u017cy jest znamienna \u2013 nawi\u0105zuje do czas\u00f3w przed II wojn\u0105 \u015bwiatow\u0105 (1924), do Lo\u017cy-Matki. W\u00f3wczas Lo\u017ca wchodzi\u0142a w sk\u0142ad Federacji Brytyjskiej, kt\u00f3ra da\u0142a pocz\u0105tek kolejnym warsztatom polskich l\u00f3\u017c mieszanych. Nale\u017ca\u0142o do niej wielu cz\u0142onk\u00f3w Polskiego Towarzystwa Teozoficznego. Na zebraniach omawiano okultystyczne znaczenie rytua\u0142u i\u00a0symboli wolnomularskich.<\/p>\n<p style=\"text-align: justify;\">W czasach III Rzeczpospolitej \u2013 Lo\u017ca otrzyma\u0142a swoj\u0105 Charti\u0119 26 stycznia 1997 r.<\/p>\n<p style=\"text-align: justify;\">W 2002 roku Lo\u017ca stworzy\u0142a tr\u00f3jk\u0105t na Wschodzie Krakowa, z kt\u00f3rego wy\u0142oni\u0142a si\u0119 Lo\u017ca \u201eBraterstwo Pod Wawelem\u201d. Natomiast w lutym 2020 roku cz\u0142onkowie Lo\u017cy podj\u0119li uchwa\u0142\u0119 o utworzeniu nowego Tr\u00f3jk\u0105ta na Wschodzie Wroc\u0142awia \u2013 z kt\u00f3rego w najbli\u017cszym czasie powstanie suwerenna Lo\u017ca.<\/p>\n<p>Prace odbywaj\u0105 si\u0119 w drugi czwartek o 17:00 i czwart\u0105 sobot\u0119 o 11:00<\/p>\n<p><strong><a href=\"mailto:sekretariat@droithumain.pl;\">Kontakt<\/a><\/strong><\/p>\n<p><strong><a href=\"https:\/\/www.droithumain.pl\/dolacz-do-nas\/\">Do\u0142\u0105cz do nas<\/a><\/strong><\/p>\n<p>[\/bt_bb_text][bt_bb_separator top_spacing=&#8221;medium&#8221; bottom_spacing=&#8221;&#8221; border_style=&#8221;none&#8221; color=&#8221;&#8221; border_width=&#8221;&#8221; responsive=&#8221;&#8221; publish_datetime=&#8221;&#8221; expiry_datetime=&#8221;&#8221; el_id=&#8221;&#8221; el_class=&#8221;&#8221; el_style=&#8221;&#8221;][\/bt_bb_separator][\/bt_bb_column][\/bt_bb_row][\/bt_bb_section][bt_bb_section layout=&#8221;boxed_1200&#8243; lazy_load=&#8221;yes&#8221; show_video_on_mobile=&#8221;&#8221;][bt_bb_row][bt_bb_column lazy_load=&#8221;yes&#8221; width=&#8221;1\/1&#8243; align=&#8221;center&#8221; color_scheme=&#8221;&#8221; vertical_align=&#8221;top&#8221; inner_color_scheme=&#8221;&#8221; animation=&#8221;no_animation&#8221; responsive=&#8221;&#8221; padding=&#8221;normal&#8221; icon=&#8221;&#8221; icon_color_scheme=&#8221;&#8221; top_border=&#8221;&#8221; bottom_border=&#8221;&#8221; left_border=&#8221;&#8221; right_border=&#8221;&#8221; background_image=&#8221;&#8221; inner_background_image=&#8221;&#8221; background_color=&#8221;&#8221; inner_background_color=&#8221;&#8221; opacity=&#8221;&#8221; publish_datetime=&#8221;&#8221; expiry_datetime=&#8221;&#8221; el_id=&#8221;&#8221; el_class=&#8221;&#8221; el_style=&#8221;&#8221;][bt_bb_separator top_spacing=&#8221;normal&#8221; bottom_spacing=&#8221;&#8221; border_style=&#8221;none&#8221; color=&#8221;&#8221; border_width=&#8221;&#8221; responsive=&#8221;&#8221; publish_datetime=&#8221;&#8221; expiry_datetime=&#8221;&#8221; el_id=&#8221;&#8221; el_class=&#8221;&#8221; el_style=&#8221;&#8221;][\/bt_bb_separator][bt_bb_button text=&#8221;Powr\u00f3t do sekcji Lo\u017ce Symboliczne&#8221; icon=&#8221;&#8221; url=&#8221;https:\/\/www.droithumain.pl\/loze-blekitne\/&#8221; target=&#8221;_self&#8221; size=&#8221;small&#8221; color_scheme=&#8221;alternate-accent-skin&#8221; style=&#8221;clean&#8221; icon_color_scheme=&#8221;light-alternate-skin&#8221; shape=&#8221;inherit&#8221; width=&#8221;inline&#8221; responsive=&#8221;&#8221; publish_datetime=&#8221;&#8221; expiry_datetime=&#8221;&#8221; el_id=&#8221;&#8221; el_class=&#8221;&#8221; el_style=&#8221;&#8221; animation=&#8221;no_animation&#8221;][\/bt_bb_button][bt_bb_separator top_spacing=&#8221;small&#8221; bottom_spacing=&#8221;medium&#8221; border_style=&#8221;none&#8221; color=&#8221;&#8221; border_width=&#8221;&#8221; responsive=&#8221;&#8221; publish_datetime=&#8221;&#8221; expiry_datetime=&#8221;&#8221; el_id=&#8221;&#8221; el_class=&#8221;&#8221; el_style=&#8221;&#8221;][\/bt_bb_separator][\/bt_bb_column][\/bt_bb_row][\/bt_bb_section]<\/p>\n","protected":false},"excerpt":{"rendered":"<p>[bt_bb_section layout=&#8221;wide&#8221; lazy_load=&#8221;yes&#8221; show_video_on_mobile=&#8221;&#8221; top_spacing=&#8221;large&#8221; bottom_spacing=&#8221;large&#8221; full_screen=&#8221;&#8221; vertical_align=&#8221;top&#8221; negative_margin=&#8221;&#8221; color_scheme=&#8221;&#8221; background_color=&#8221;&#8221; background_image=&#8221;5276&#8243; background_overlay=&#8221;&#8221; parallax=&#8221;0.2&#8243; parallax_offset=&#8221;&#8221; background_video_yt=&#8221;&#8221; yt_video_settings=&#8221;&#8221; background_video_mp4=&#8221;&#8221; background_video_ogg=&#8221;&#8221; background_video_webm=&#8221;&#8221; responsive=&#8221;&#8221; publish_datetime=&#8221;&#8221; expiry_datetime=&#8221;&#8221; el_id=&#8221;&#8221; el_class=&#8221;&#8221; el_style=&#8221;&#8221;][bt_bb_row][bt_bb_column lazy_load=&#8221;yes&#8221; width=&#8221;1\/1&#8243; align=&#8221;center&#8221; color_scheme=&#8221;&#8221; vertical_align=&#8221;top&#8221; inner_color_scheme=&#8221;&#8221; animation=&#8221;fade_in&#8221; responsive=&#8221;&#8221; padding=&#8221;normal&#8221; icon=&#8221;&#8221; icon_size=&#8221;&#8221; icon_align=&#8221;&#8221; icon_color_scheme=&#8221;&#8221; background_image=&#8221;&#8221; inner_background_image=&#8221;&#8221; background_color=&#8221;&#8221; inner_background_color=&#8221;&#8221; opacity=&#8221;&#8221; publish_datetime=&#8221;&#8221; expiry_datetime=&#8221;&#8221; el_id=&#8221;&#8221; el_class=&#8221;&#8221; el_style=&#8221;&#8221;][bt_bb_separator top_spacing=&#8221;&#8221; bottom_spacing=&#8221;normal&#8221; border_style=&#8221;none&#8221; border_width=&#8221;&#8221; responsive=&#8221;&#8221; publish_datetime=&#8221;&#8221; [&hellip;]<\/p>\n","protected":false},"author":3,"featured_media":0,"parent":0,"menu_order":0,"comment_status":"closed","ping_status":"closed","template":"","meta":{"footnotes":""},"class_list":["post-5563","page","type-page","status-publish","hentry"],"_links":{"self":[{"href":"https:\/\/tobgsxndps.cfolks.pl\/index.php\/wp-json\/wp\/v2\/pages\/5563"}],"collection":[{"href":"https:\/\/tobgsxndps.cfolks.pl\/index.php\/wp-json\/wp\/v2\/pages"}],"about":[{"href":"https:\/\/tobgsxndps.cfolks.pl\/index.php\/wp-json\/wp\/v2\/types\/page"}],"author":[{"embeddable":true,"href":"https:\/\/tobgsxndps.cfolks.pl\/index.php\/wp-json\/wp\/v2\/users\/3"}],"replies":[{"embeddable":true,"href":"https:\/\/tobgsxndps.cfolks.pl\/index.php\/wp-json\/wp\/v2\/comments?post=5563"}],"version-history":[{"count":0,"href":"https:\/\/tobgsxndps.cfolks.pl\/index.php\/wp-json\/wp\/v2\/pages\/5563\/revisions"}],"wp:attachment":[{"href":"https:\/\/tobgsxndps.cfolks.pl\/index.php\/wp-json\/wp\/v2\/media?parent=5563"}],"curies":[{"name":"wp","href":"https:\/\/api.w.org\/{rel}","templated":true}]}}