{"id":5618,"date":"2020-04-01T16:54:12","date_gmt":"2020-04-01T14:54:12","guid":{"rendered":"http:\/\/testowa.tech\/?page_id=5618"},"modified":"2020-04-01T16:54:12","modified_gmt":"2020-04-01T14:54:12","slug":"loze-blekitne","status":"publish","type":"page","link":"https:\/\/tobgsxndps.cfolks.pl\/index.php\/loze-blekitne\/","title":{"rendered":"Lo\u017ce symboliczne"},"content":{"rendered":"<p>[bt_bb_section layout=&#8221;boxed_1100&#8243; lazy_load=&#8221;yes&#8221; show_video_on_mobile=&#8221;&#8221; top_spacing=&#8221;small&#8221; bottom_spacing=&#8221;&#8221; full_screen=&#8221;&#8221; negative_margin=&#8221;&#8221; vertical_align=&#8221;top&#8221; color_scheme=&#8221;&#8221; background_color=&#8221;&#8221; background_image=&#8221;&#8221; background_overlay=&#8221;&#8221; parallax=&#8221;&#8221; parallax_offset=&#8221;&#8221; background_video_yt=&#8221;&#8221; yt_video_settings=&#8221;&#8221; background_video_mp4=&#8221;&#8221; background_video_ogg=&#8221;&#8221; background_video_webm=&#8221;&#8221; responsive=&#8221;&#8221; publish_datetime=&#8221;&#8221; expiry_datetime=&#8221;&#8221; el_id=&#8221;&#8221; el_class=&#8221;&#8221; el_style=&#8221;&#8221;][bt_bb_row column_gap=&#8221;&#8221; row_width=&#8221;default&#8221; color_scheme=&#8221;&#8221; background_color=&#8221;&#8221; opacity=&#8221;&#8221; responsive=&#8221;&#8221; publish_datetime=&#8221;&#8221; expiry_datetime=&#8221;&#8221; el_id=&#8221;&#8221; el_class=&#8221;&#8221; el_style=&#8221;&#8221; layout=&#8221;&#8221;][bt_bb_column width=&#8221;1\/3&#8243; align=&#8221;center&#8221; color_scheme=&#8221;&#8221; vertical_align=&#8221;top&#8221; inner_color_scheme=&#8221;&#8221; animation=&#8221;no_animation&#8221; responsive=&#8221;&#8221; padding=&#8221;normal&#8221; icon=&#8221;&#8221; icon_color_scheme=&#8221;&#8221; top_border=&#8221;&#8221; bottom_border=&#8221;&#8221; left_border=&#8221;&#8221; right_border=&#8221;&#8221; background_image=&#8221;&#8221; inner_background_image=&#8221;&#8221; lazy_load=&#8221;no&#8221; background_color=&#8221;#f9f9f9&#8243; inner_background_color=&#8221;#f9f9f9&#8243; opacity=&#8221;&#8221; publish_datetime=&#8221;&#8221; expiry_datetime=&#8221;&#8221; el_id=&#8221;&#8221; el_class=&#8221;&#8221; el_style=&#8221;&#8221;][bt_bb_separator top_spacing=&#8221;small&#8221; bottom_spacing=&#8221;normal&#8221; border_style=&#8221;none&#8221; color=&#8221;&#8221; border_width=&#8221;&#8221; responsive=&#8221;&#8221; publish_datetime=&#8221;&#8221; expiry_datetime=&#8221;&#8221; el_id=&#8221;&#8221; el_class=&#8221;&#8221; el_style=&#8221;&#8221;][\/bt_bb_separator][bt_bb_headline font_subset=&#8221;latin,latin-ext&#8221; superheadline=&#8221;&#8221; headline=&#8221;<strong>Pierre et Marie Curie &#8211; Lo\u017ca Matka &#8211; Warszawa<\/strong>&#8221; subheadline=&#8221;&#8221; html_tag=&#8221;h6&#8243; align=&#8221;left&#8221; color_scheme=&#8221;&#8221; color=&#8221;&#8221; supertitle_position=&#8221;&#8221; font=&#8221;inherit&#8221; font_size=&#8221;20px&#8221; url=&#8221;https:\/\/www.droithumain.pl\/pierre-et-marie-curie-warszawa\/&#8221; target=&#8221;_self&#8221; responsive=&#8221;&#8221; publish_datetime=&#8221;&#8221; expiry_datetime=&#8221;&#8221; el_id=&#8221;&#8221; el_class=&#8221;&#8221; el_style=&#8221;&#8221; size=&#8221;inherit&#8221; font_weight=&#8221;&#8221; dash=&#8221;none&#8221; supertitle_font_weight=&#8221;&#8221; subtitle_font_weight=&#8221;&#8221;][\/bt_bb_headline][bt_bb_separator top_spacing=&#8221;normal&#8221; bottom_spacing=&#8221;&#8221; border_style=&#8221;none&#8221; color=&#8221;&#8221; border_width=&#8221;&#8221; responsive=&#8221;&#8221; publish_datetime=&#8221;&#8221; expiry_datetime=&#8221;&#8221; el_id=&#8221;&#8221; el_class=&#8221;&#8221; el_style=&#8221;&#8221;][\/bt_bb_separator][bt_bb_headline font_subset=&#8221;latin,latin-ext&#8221; superheadline=&#8221;&#8221; headline=&#8221;<strong>Orze\u0142 Bia\u0142y &#8211; Katowice<\/strong>&#8221; subheadline=&#8221;&#8221; html_tag=&#8221;h6&#8243; align=&#8221;left&#8221; color_scheme=&#8221;&#8221; color=&#8221;&#8221; supertitle_position=&#8221;&#8221; font=&#8221;inherit&#8221; font_size=&#8221;20px&#8221; url=&#8221;https:\/\/www.droithumain.pl\/orzel-bialy-katowice\/&#8221; target=&#8221;_self&#8221; responsive=&#8221;&#8221; publish_datetime=&#8221;&#8221; expiry_datetime=&#8221;&#8221; el_id=&#8221;&#8221; el_class=&#8221;&#8221; el_style=&#8221;&#8221; size=&#8221;inherit&#8221; font_weight=&#8221;&#8221; dash=&#8221;none&#8221; supertitle_font_weight=&#8221;&#8221; subtitle_font_weight=&#8221;&#8221;][\/bt_bb_headline][bt_bb_separator top_spacing=&#8221;normal&#8221; bottom_spacing=&#8221;&#8221; border_style=&#8221;none&#8221; color=&#8221;&#8221; border_width=&#8221;&#8221; responsive=&#8221;&#8221; publish_datetime=&#8221;&#8221; expiry_datetime=&#8221;&#8221; el_id=&#8221;&#8221; el_class=&#8221;&#8221; el_style=&#8221;&#8221;][\/bt_bb_separator][bt_bb_headline font_subset=&#8221;latin,latin-ext&#8221; superheadline=&#8221;&#8221; headline=&#8221;<strong>Konstytucja 3 Maja &#8211; Warszawa<\/strong>&#8221; subheadline=&#8221;&#8221; html_tag=&#8221;h6&#8243; align=&#8221;left&#8221; color_scheme=&#8221;&#8221; color=&#8221;&#8221; supertitle_position=&#8221;&#8221; font=&#8221;inherit&#8221; font_size=&#8221;20px&#8221; url=&#8221;https:\/\/www.droithumain.pl\/konstytucja-3-maja-warszawa\/&#8221; target=&#8221;_self&#8221; responsive=&#8221;&#8221; publish_datetime=&#8221;&#8221; expiry_datetime=&#8221;&#8221; el_id=&#8221;&#8221; el_class=&#8221;&#8221; el_style=&#8221;&#8221; size=&#8221;inherit&#8221; font_weight=&#8221;&#8221; dash=&#8221;none&#8221; supertitle_font_weight=&#8221;&#8221; subtitle_font_weight=&#8221;&#8221;][\/bt_bb_headline][bt_bb_separator top_spacing=&#8221;normal&#8221; bottom_spacing=&#8221;&#8221; border_style=&#8221;none&#8221; color=&#8221;&#8221; border_width=&#8221;&#8221; responsive=&#8221;&#8221; publish_datetime=&#8221;&#8221; expiry_datetime=&#8221;&#8221; el_id=&#8221;&#8221; el_class=&#8221;&#8221; el_style=&#8221;&#8221;][\/bt_bb_separator][bt_bb_headline font_subset=&#8221;latin,latin-ext&#8221; superheadline=&#8221;&#8221; headline=&#8221;<strong>Braterstwo Pod Wawelem &#8211; Krak\u00f3w<\/strong>&#8221; subheadline=&#8221;&#8221; html_tag=&#8221;h6&#8243; align=&#8221;left&#8221; color_scheme=&#8221;&#8221; color=&#8221;&#8221; supertitle_position=&#8221;&#8221; font=&#8221;inherit&#8221; font_size=&#8221;20px&#8221; url=&#8221;https:\/\/www.droithumain.pl\/braterstwo-pod-wawelem-krakow\/&#8221; target=&#8221;_self&#8221; responsive=&#8221;&#8221; publish_datetime=&#8221;&#8221; expiry_datetime=&#8221;&#8221; el_id=&#8221;&#8221; el_class=&#8221;&#8221; el_style=&#8221;&#8221; size=&#8221;inherit&#8221; font_weight=&#8221;&#8221; dash=&#8221;none&#8221; supertitle_font_weight=&#8221;&#8221; subtitle_font_weight=&#8221;&#8221;][\/bt_bb_headline][bt_bb_separator top_spacing=&#8221;normal&#8221; bottom_spacing=&#8221;&#8221; border_style=&#8221;none&#8221; color=&#8221;&#8221; border_width=&#8221;&#8221; responsive=&#8221;&#8221; publish_datetime=&#8221;&#8221; expiry_datetime=&#8221;&#8221; el_id=&#8221;&#8221; el_class=&#8221;&#8221; el_style=&#8221;&#8221;][\/bt_bb_separator][bt_bb_headline font_subset=&#8221;latin,latin-ext&#8221; superheadline=&#8221;&#8221; headline=&#8221;<strong>Janusz Korczak &#8211; \u0141\u00f3d\u017a<\/strong>&#8221; subheadline=&#8221;&#8221; html_tag=&#8221;h6&#8243; align=&#8221;left&#8221; color_scheme=&#8221;&#8221; color=&#8221;&#8221; supertitle_position=&#8221;&#8221; font=&#8221;inherit&#8221; font_size=&#8221;20px&#8221; url=&#8221;https:\/\/www.droithumain.pl\/janusz-korczak-lodz\/&#8221; target=&#8221;_self&#8221; responsive=&#8221;&#8221; publish_datetime=&#8221;&#8221; expiry_datetime=&#8221;&#8221; el_id=&#8221;&#8221; el_class=&#8221;&#8221; el_style=&#8221;&#8221; size=&#8221;inherit&#8221; font_weight=&#8221;&#8221; dash=&#8221;none&#8221; supertitle_font_weight=&#8221;&#8221; subtitle_font_weight=&#8221;&#8221;][\/bt_bb_headline][bt_bb_separator top_spacing=&#8221;normal&#8221; bottom_spacing=&#8221;&#8221; border_style=&#8221;none&#8221; color=&#8221;&#8221; border_width=&#8221;&#8221; responsive=&#8221;&#8221; publish_datetime=&#8221;&#8221; expiry_datetime=&#8221;&#8221; el_id=&#8221;&#8221; el_class=&#8221;&#8221; el_style=&#8221;&#8221;][\/bt_bb_separator][bt_bb_headline font_subset=&#8221;latin,latin-ext&#8221; superheadline=&#8221;&#8221; headline=&#8221;<strong>Pod Trzema Basztami &#8211; Pozna\u0144<\/strong>&#8221; subheadline=&#8221;&#8221; html_tag=&#8221;h6&#8243; align=&#8221;left&#8221; color_scheme=&#8221;&#8221; color=&#8221;&#8221; supertitle_position=&#8221;&#8221; font=&#8221;inherit&#8221; font_size=&#8221;20px&#8221; url=&#8221;https:\/\/www.droithumain.pl\/pod-trzema-basztami-poznan\/&#8221; target=&#8221;_self&#8221; responsive=&#8221;&#8221; publish_datetime=&#8221;&#8221; expiry_datetime=&#8221;&#8221; el_id=&#8221;&#8221; el_class=&#8221;&#8221; el_style=&#8221;&#8221; size=&#8221;inherit&#8221; font_weight=&#8221;&#8221; dash=&#8221;none&#8221; supertitle_font_weight=&#8221;&#8221; subtitle_font_weight=&#8221;&#8221;][\/bt_bb_headline][bt_bb_separator top_spacing=&#8221;normal&#8221; bottom_spacing=&#8221;&#8221; border_style=&#8221;none&#8221; color=&#8221;&#8221; border_width=&#8221;&#8221; responsive=&#8221;&#8221; publish_datetime=&#8221;&#8221; expiry_datetime=&#8221;&#8221; el_id=&#8221;&#8221; el_class=&#8221;&#8221; el_style=&#8221;&#8221;][\/bt_bb_separator][bt_bb_headline font_subset=&#8221;latin,latin-ext&#8221; superheadline=&#8221;&#8221; headline=&#8221;<strong>Wanda Dynowska &#8211; Wroc\u0142aw<\/strong>&#8221; subheadline=&#8221;&#8221; html_tag=&#8221;h6&#8243; align=&#8221;left&#8221; color_scheme=&#8221;&#8221; color=&#8221;&#8221; supertitle_position=&#8221;&#8221; font=&#8221;inherit&#8221; font_size=&#8221;20px&#8221; url=&#8221;https:\/\/www.droithumain.pl\/wanda-dynowska-wroclaw\/&#8221; target=&#8221;_self&#8221; responsive=&#8221;&#8221; publish_datetime=&#8221;&#8221; expiry_datetime=&#8221;&#8221; el_id=&#8221;&#8221; el_class=&#8221;&#8221; el_style=&#8221;&#8221; size=&#8221;inherit&#8221; font_weight=&#8221;&#8221; dash=&#8221;none&#8221; supertitle_font_weight=&#8221;&#8221; subtitle_font_weight=&#8221;&#8221;][\/bt_bb_headline][bt_bb_separator top_spacing=&#8221;normal&#8221; bottom_spacing=&#8221;medium&#8221; border_style=&#8221;none&#8221; color=&#8221;&#8221; border_width=&#8221;&#8221; responsive=&#8221;&#8221; publish_datetime=&#8221;&#8221; expiry_datetime=&#8221;&#8221; el_id=&#8221;&#8221; el_class=&#8221;&#8221; el_style=&#8221;&#8221;][\/bt_bb_separator][\/bt_bb_column][bt_bb_column width=&#8221;2\/3&#8243; align=&#8221;right&#8221; color_scheme=&#8221;&#8221; vertical_align=&#8221;top&#8221; inner_color_scheme=&#8221;&#8221; animation=&#8221;no_animation&#8221; responsive=&#8221;hidden_xs hidden_ms&#8221; padding=&#8221;normal&#8221; icon=&#8221;&#8221; icon_color_scheme=&#8221;&#8221; top_border=&#8221;&#8221; bottom_border=&#8221;&#8221; left_border=&#8221;&#8221; right_border=&#8221;&#8221; background_image=&#8221;&#8221; inner_background_image=&#8221;&#8221; lazy_load=&#8221;no&#8221; background_color=&#8221;&#8221; inner_background_color=&#8221;&#8221; opacity=&#8221;&#8221; publish_datetime=&#8221;&#8221; expiry_datetime=&#8221;&#8221; el_id=&#8221;&#8221; el_class=&#8221;&#8221; el_style=&#8221;&#8221;][bt_bb_text]<\/p>\n<p style=\"text-align: justify;\">Lo\u017ce symboliczne to kom\u00f3rki Wolnomularstwa, pracuj\u0105ce w stopniach 1 do 3, charakterystyczne dla wszystkich jego nurt\u00f3w i od\u0142am\u00f3w. Lo\u017ce b\u0142\u0119kitne pracuj\u0105 w stopniach &#8211; Ucznia, Czeladnika i Mistrza. Ich symbolika nawi\u0105zuje do tradycji \u015awi\u0105tyni Salomona, kt\u00f3rej symbolicznym budowaniem zajmuj\u0105 si\u0119 Wolnomularze na ca\u0142ym \u015bwiecie. Pracom lo\u017cy symbolicznej przewodniczy prezydent lo\u017cy, zwany Czcigodnym Mistrzem, wspierany przez kolegium oficerskie. Liczebno\u015b\u0107 lo\u017cy nie przekracza zazwyczaj 30-50 os\u00f3b, cho\u0107 w krajach, w kt\u00f3rych Wolnomularstwo jest znacznie bardziej rozpowszechnione (Francja, Wielka Brytania, USA) ni\u017c w Polsce, zdarzaj\u0105 si\u0119 lo\u017ce liczniejsze. W naszej Federacji lo\u017ce spotykaj\u0105 si\u0119 1-2 razy w miesi\u0105cu w \u015bci\u015ble okre\u015blone dni. Ka\u017cdy Wolnomularz musi nale\u017ce\u0107 d<img loading=\"lazy\" decoding=\"async\" class=\"wp-image-5339 alignright\" src=\"https:\/\/tobgsxndps.cfolks.pl\/wp-content\/uploads\/2016\/11\/atalanta-640x603.jpg\" alt=\"\" width=\"310\" height=\"292\" \/>o przynajmniej jednej lo\u017cy symbolicznej. W zale\u017cno\u015bci od liczby Wolnomularzy, w danym mie\u015bcie mo\u017ce pracowa\u0107 r\u00f3wnocze\u015bnie nieograniczona liczba l\u00f3\u017c symbolicznych. Stopie\u0144 Mistrza Maso\u0144skiego w Lo\u017cy symbolicznej jest najwy\u017cszym stopniem symbolicznym Wolnomularstwa, jednak, w zale\u017cno\u015bci od rytu, w kt\u00f3rym pracuje dana obediencja (w przypadku Le Droit Humain jest to Ryt Szkocki Dawny i Uznany), mo\u017ce na zasadach pe\u0142nej dobrowolno\u015bci rozwija\u0107 sw\u0105 wiedz\u0119 w systemie dodatkowych stopni wy\u017cszych, swoistym systemie &#8222;wolnomularskich studi\u00f3w podyplomowych&#8221;.<\/p>\n<p>[\/bt_bb_text][bt_bb_separator top_spacing=&#8221;small&#8221; bottom_spacing=&#8221;&#8221; border_style=&#8221;none&#8221; color=&#8221;&#8221; border_width=&#8221;&#8221; responsive=&#8221;&#8221; publish_datetime=&#8221;&#8221; expiry_datetime=&#8221;&#8221; el_id=&#8221;&#8221; el_class=&#8221;&#8221; el_style=&#8221;&#8221;][\/bt_bb_separator][\/bt_bb_column][\/bt_bb_row][\/bt_bb_section][bt_bb_section layout=&#8221;boxed_1200&#8243; lazy_load=&#8221;yes&#8221; show_video_on_mobile=&#8221;&#8221;][bt_bb_row][bt_bb_column lazy_load=&#8221;yes&#8221; width=&#8221;1\/1&#8243; align=&#8221;center&#8221; color_scheme=&#8221;&#8221; vertical_align=&#8221;top&#8221; inner_color_scheme=&#8221;&#8221; animation=&#8221;no_animation&#8221; responsive=&#8221;&#8221; padding=&#8221;normal&#8221; icon=&#8221;&#8221; icon_color_scheme=&#8221;&#8221; top_border=&#8221;&#8221; bottom_border=&#8221;&#8221; left_border=&#8221;&#8221; right_border=&#8221;&#8221; background_image=&#8221;&#8221; inner_background_image=&#8221;&#8221; background_color=&#8221;&#8221; inner_background_color=&#8221;&#8221; opacity=&#8221;&#8221; publish_datetime=&#8221;&#8221; expiry_datetime=&#8221;&#8221; el_id=&#8221;&#8221; el_class=&#8221;&#8221; el_style=&#8221;&#8221;][bt_bb_separator top_spacing=&#8221;medium&#8221; bottom_spacing=&#8221;&#8221; border_style=&#8221;none&#8221; color=&#8221;&#8221; border_width=&#8221;&#8221; responsive=&#8221;&#8221; publish_datetime=&#8221;&#8221; expiry_datetime=&#8221;&#8221; el_id=&#8221;&#8221; el_class=&#8221;&#8221; el_style=&#8221;&#8221;][\/bt_bb_separator][bt_bb_button text=&#8221;Powr\u00f3t do sekcji O\u015brodki Le Droit Humain w Polsce&#8221; icon=&#8221;&#8221; url=&#8221;https:\/\/www.droithumain.pl\/loze\/&#8221; target=&#8221;_self&#8221; size=&#8221;small&#8221; color_scheme=&#8221;alternate-accent-skin&#8221; style=&#8221;clean&#8221; icon_color_scheme=&#8221;light-alternate-skin&#8221; shape=&#8221;inherit&#8221; width=&#8221;inline&#8221; responsive=&#8221;&#8221; publish_datetime=&#8221;&#8221; expiry_datetime=&#8221;&#8221; el_id=&#8221;&#8221; el_class=&#8221;&#8221; el_style=&#8221;&#8221;][\/bt_bb_button][bt_bb_separator top_spacing=&#8221;small&#8221; bottom_spacing=&#8221;medium&#8221; border_style=&#8221;none&#8221; color=&#8221;&#8221; border_width=&#8221;&#8221; responsive=&#8221;&#8221; publish_datetime=&#8221;&#8221; expiry_datetime=&#8221;&#8221; el_id=&#8221;&#8221; el_class=&#8221;&#8221; el_style=&#8221;&#8221;][\/bt_bb_separator][\/bt_bb_column][\/bt_bb_row][\/bt_bb_section]<\/p>\n","protected":false},"excerpt":{"rendered":"<p>[bt_bb_section layout=&#8221;boxed_1100&#8243; lazy_load=&#8221;yes&#8221; show_video_on_mobile=&#8221;&#8221; top_spacing=&#8221;small&#8221; bottom_spacing=&#8221;&#8221; full_screen=&#8221;&#8221; negative_margin=&#8221;&#8221; vertical_align=&#8221;top&#8221; color_scheme=&#8221;&#8221; background_color=&#8221;&#8221; background_image=&#8221;&#8221; background_overlay=&#8221;&#8221; parallax=&#8221;&#8221; parallax_offset=&#8221;&#8221; background_video_yt=&#8221;&#8221; yt_video_settings=&#8221;&#8221; background_video_mp4=&#8221;&#8221; background_video_ogg=&#8221;&#8221; background_video_webm=&#8221;&#8221; responsive=&#8221;&#8221; publish_datetime=&#8221;&#8221; expiry_datetime=&#8221;&#8221; el_id=&#8221;&#8221; el_class=&#8221;&#8221; el_style=&#8221;&#8221;][bt_bb_row column_gap=&#8221;&#8221; row_width=&#8221;default&#8221; color_scheme=&#8221;&#8221; background_color=&#8221;&#8221; opacity=&#8221;&#8221; responsive=&#8221;&#8221; publish_datetime=&#8221;&#8221; expiry_datetime=&#8221;&#8221; el_id=&#8221;&#8221; el_class=&#8221;&#8221; el_style=&#8221;&#8221; layout=&#8221;&#8221;][bt_bb_column width=&#8221;1\/3&#8243; align=&#8221;center&#8221; color_scheme=&#8221;&#8221; vertical_align=&#8221;top&#8221; inner_color_scheme=&#8221;&#8221; animation=&#8221;no_animation&#8221; responsive=&#8221;&#8221; padding=&#8221;normal&#8221; icon=&#8221;&#8221; icon_color_scheme=&#8221;&#8221; top_border=&#8221;&#8221; bottom_border=&#8221;&#8221; left_border=&#8221;&#8221; right_border=&#8221;&#8221; background_image=&#8221;&#8221; inner_background_image=&#8221;&#8221; lazy_load=&#8221;no&#8221; [&hellip;]<\/p>\n","protected":false},"author":3,"featured_media":0,"parent":0,"menu_order":0,"comment_status":"closed","ping_status":"closed","template":"","meta":{"footnotes":""},"class_list":["post-5618","page","type-page","status-publish","hentry"],"_links":{"self":[{"href":"https:\/\/tobgsxndps.cfolks.pl\/index.php\/wp-json\/wp\/v2\/pages\/5618"}],"collection":[{"href":"https:\/\/tobgsxndps.cfolks.pl\/index.php\/wp-json\/wp\/v2\/pages"}],"about":[{"href":"https:\/\/tobgsxndps.cfolks.pl\/index.php\/wp-json\/wp\/v2\/types\/page"}],"author":[{"embeddable":true,"href":"https:\/\/tobgsxndps.cfolks.pl\/index.php\/wp-json\/wp\/v2\/users\/3"}],"replies":[{"embeddable":true,"href":"https:\/\/tobgsxndps.cfolks.pl\/index.php\/wp-json\/wp\/v2\/comments?post=5618"}],"version-history":[{"count":0,"href":"https:\/\/tobgsxndps.cfolks.pl\/index.php\/wp-json\/wp\/v2\/pages\/5618\/revisions"}],"wp:attachment":[{"href":"https:\/\/tobgsxndps.cfolks.pl\/index.php\/wp-json\/wp\/v2\/media?parent=5618"}],"curies":[{"name":"wp","href":"https:\/\/api.w.org\/{rel}","templated":true}]}}