{"id":5626,"date":"2020-04-01T17:20:24","date_gmt":"2020-04-01T15:20:24","guid":{"rendered":"http:\/\/testowa.tech\/?page_id=5626"},"modified":"2020-04-01T17:20:24","modified_gmt":"2020-04-01T15:20:24","slug":"warsztaty-wyzszych-stopni","status":"publish","type":"page","link":"https:\/\/tobgsxndps.cfolks.pl\/index.php\/warsztaty-wyzszych-stopni\/","title":{"rendered":"Warsztaty wy\u017cszych stopni"},"content":{"rendered":"<p>[bt_bb_section layout=&#8221;boxed_1100&#8243; lazy_load=&#8221;yes&#8221; show_video_on_mobile=&#8221;&#8221; top_spacing=&#8221;small&#8221; bottom_spacing=&#8221;&#8221; full_screen=&#8221;&#8221; negative_margin=&#8221;&#8221; vertical_align=&#8221;top&#8221; color_scheme=&#8221;&#8221; background_color=&#8221;&#8221; background_image=&#8221;&#8221; background_overlay=&#8221;&#8221; parallax=&#8221;&#8221; parallax_offset=&#8221;&#8221; background_video_yt=&#8221;&#8221; yt_video_settings=&#8221;&#8221; background_video_mp4=&#8221;&#8221; background_video_ogg=&#8221;&#8221; background_video_webm=&#8221;&#8221; responsive=&#8221;&#8221; publish_datetime=&#8221;&#8221; expiry_datetime=&#8221;&#8221; el_id=&#8221;&#8221; el_class=&#8221;&#8221; el_style=&#8221;&#8221;][bt_bb_row column_gap=&#8221;&#8221; row_width=&#8221;default&#8221; color_scheme=&#8221;&#8221; background_color=&#8221;&#8221; opacity=&#8221;&#8221; responsive=&#8221;&#8221; publish_datetime=&#8221;&#8221; expiry_datetime=&#8221;&#8221; el_id=&#8221;&#8221; el_class=&#8221;&#8221; el_style=&#8221;&#8221; layout=&#8221;&#8221;][bt_bb_column width=&#8221;1\/3&#8243; align=&#8221;center&#8221; color_scheme=&#8221;&#8221; vertical_align=&#8221;top&#8221; inner_color_scheme=&#8221;&#8221; animation=&#8221;no_animation&#8221; responsive=&#8221;&#8221; padding=&#8221;normal&#8221; icon=&#8221;&#8221; icon_color_scheme=&#8221;&#8221; top_border=&#8221;&#8221; bottom_border=&#8221;&#8221; left_border=&#8221;&#8221; right_border=&#8221;&#8221; background_image=&#8221;&#8221; inner_background_image=&#8221;&#8221; lazy_load=&#8221;no&#8221; background_color=&#8221;#f9f9f9&#8243; inner_background_color=&#8221;#f9f9f9&#8243; opacity=&#8221;&#8221; publish_datetime=&#8221;&#8221; expiry_datetime=&#8221;&#8221; el_id=&#8221;&#8221; el_class=&#8221;&#8221; el_style=&#8221;&#8221;][bt_bb_separator top_spacing=&#8221;small&#8221; bottom_spacing=&#8221;normal&#8221; border_style=&#8221;none&#8221; color=&#8221;&#8221; border_width=&#8221;&#8221; responsive=&#8221;&#8221; publish_datetime=&#8221;&#8221; expiry_datetime=&#8221;&#8221; el_id=&#8221;&#8221; el_class=&#8221;&#8221; el_style=&#8221;&#8221;][\/bt_bb_separator][bt_bb_headline font_subset=&#8221;latin,latin-ext&#8221; superheadline=&#8221;&#8221; headline=&#8221;<strong>Spirala &#8211; Warszawa (Lo\u017ca Doskona\u0142o\u015bci)<\/strong>&#8221; subheadline=&#8221;&#8221; html_tag=&#8221;h6&#8243; align=&#8221;left&#8221; color_scheme=&#8221;&#8221; color=&#8221;&#8221; supertitle_position=&#8221;&#8221; font=&#8221;inherit&#8221; font_size=&#8221;20px&#8221; url=&#8221;https:\/\/www.droithumain.pl\/spirala-loza-doskonalosci-warszawa\/&#8221; target=&#8221;_self&#8221; responsive=&#8221;&#8221; publish_datetime=&#8221;&#8221; expiry_datetime=&#8221;&#8221; el_id=&#8221;&#8221; el_class=&#8221;&#8221; el_style=&#8221;&#8221; size=&#8221;inherit&#8221; font_weight=&#8221;&#8221; dash=&#8221;none&#8221; supertitle_font_weight=&#8221;&#8221; subtitle_font_weight=&#8221;&#8221;][\/bt_bb_headline][bt_bb_separator top_spacing=&#8221;normal&#8221; bottom_spacing=&#8221;&#8221; border_style=&#8221;none&#8221; color=&#8221;&#8221; border_width=&#8221;&#8221; responsive=&#8221;&#8221; publish_datetime=&#8221;&#8221; expiry_datetime=&#8221;&#8221; el_id=&#8221;&#8221; el_class=&#8221;&#8221; el_style=&#8221;&#8221;][\/bt_bb_separator][bt_bb_headline font_subset=&#8221;latin,latin-ext&#8221; superheadline=&#8221;&#8221; headline=&#8221;<strong>\u015awietlisty Kr\u0105g &#8211; Katowice (Lo\u017ca Doskona\u0142o\u015bci)<\/strong>&#8221; subheadline=&#8221;&#8221; html_tag=&#8221;h6&#8243; align=&#8221;left&#8221; color_scheme=&#8221;&#8221; color=&#8221;&#8221; supertitle_position=&#8221;&#8221; font=&#8221;inherit&#8221; font_size=&#8221;20px&#8221; url=&#8221;https:\/\/www.droithumain.pl\/swietlisty-krag-loza-doskonalosci-katowice\/&#8221; target=&#8221;_self&#8221; responsive=&#8221;&#8221; publish_datetime=&#8221;&#8221; expiry_datetime=&#8221;&#8221; el_id=&#8221;&#8221; el_class=&#8221;&#8221; el_style=&#8221;&#8221; size=&#8221;inherit&#8221; font_weight=&#8221;&#8221; dash=&#8221;none&#8221; supertitle_font_weight=&#8221;&#8221; subtitle_font_weight=&#8221;&#8221;][\/bt_bb_headline][bt_bb_separator top_spacing=&#8221;normal&#8221; bottom_spacing=&#8221;&#8221; border_style=&#8221;none&#8221; color=&#8221;&#8221; border_width=&#8221;&#8221; responsive=&#8221;&#8221; publish_datetime=&#8221;&#8221; expiry_datetime=&#8221;&#8221; el_id=&#8221;&#8221; el_class=&#8221;&#8221; el_style=&#8221;&#8221;][\/bt_bb_separator][bt_bb_headline font_subset=&#8221;latin,latin-ext&#8221; superheadline=&#8221;&#8221; headline=&#8221;<strong>Fenix &#8211; Warszawa (Kapitu\u0142a)<\/strong>&#8221; subheadline=&#8221;&#8221; html_tag=&#8221;h6&#8243; align=&#8221;left&#8221; color_scheme=&#8221;&#8221; color=&#8221;&#8221; supertitle_position=&#8221;&#8221; font=&#8221;inherit&#8221; font_size=&#8221;20px&#8221; url=&#8221;https:\/\/www.droithumain.pl\/fenix-kapitula-warszawa\/&#8221; target=&#8221;_self&#8221; responsive=&#8221;&#8221; publish_datetime=&#8221;&#8221; expiry_datetime=&#8221;&#8221; el_id=&#8221;&#8221; el_class=&#8221;&#8221; el_style=&#8221;&#8221; size=&#8221;inherit&#8221; font_weight=&#8221;&#8221; dash=&#8221;none&#8221; supertitle_font_weight=&#8221;&#8221; subtitle_font_weight=&#8221;&#8221;][\/bt_bb_headline][bt_bb_separator top_spacing=&#8221;normal&#8221; bottom_spacing=&#8221;&#8221; border_style=&#8221;none&#8221; color=&#8221;&#8221; border_width=&#8221;&#8221; responsive=&#8221;&#8221; publish_datetime=&#8221;&#8221; expiry_datetime=&#8221;&#8221; el_id=&#8221;&#8221; el_class=&#8221;&#8221; el_style=&#8221;&#8221;][\/bt_bb_separator][bt_bb_headline font_subset=&#8221;latin,latin-ext&#8221; superheadline=&#8221;&#8221; headline=&#8221;<strong>Orze\u0142 Czarny i Bia\u0142y &#8211; Warszawa (Areopag)<\/strong><br \/>\n&#8221; subheadline=&#8221;&#8221; html_tag=&#8221;h6&#8243; align=&#8221;left&#8221; color_scheme=&#8221;&#8221; color=&#8221;&#8221; supertitle_position=&#8221;&#8221; font=&#8221;inherit&#8221; font_size=&#8221;20px&#8221; url=&#8221;https:\/\/www.droithumain.pl\/orzel-czarny-i-bialy-areopag-warszawa\/&#8221; target=&#8221;_self&#8221; responsive=&#8221;&#8221; publish_datetime=&#8221;&#8221; expiry_datetime=&#8221;&#8221; el_id=&#8221;&#8221; el_class=&#8221;&#8221; el_style=&#8221;&#8221; size=&#8221;inherit&#8221; font_weight=&#8221;&#8221; dash=&#8221;none&#8221; supertitle_font_weight=&#8221;&#8221; subtitle_font_weight=&#8221;&#8221;][\/bt_bb_headline][bt_bb_separator top_spacing=&#8221;normal&#8221; bottom_spacing=&#8221;&#8221; border_style=&#8221;none&#8221; color=&#8221;&#8221; border_width=&#8221;&#8221; responsive=&#8221;&#8221; publish_datetime=&#8221;&#8221; expiry_datetime=&#8221;&#8221; el_id=&#8221;&#8221; el_class=&#8221;&#8221; el_style=&#8221;&#8221;][\/bt_bb_separator][bt_bb_headline font_subset=&#8221;latin,latin-ext&#8221; superheadline=&#8221;&#8221; headline=&#8221;<strong>Inka Nowotna &#8211; Warszawa (Tr\u00f3jk\u0105t Konsystorza)<strong><br \/>\n&#8221; subheadline=&#8221;&#8221; html_tag=&#8221;h6&#8243; align=&#8221;left&#8221; color_scheme=&#8221;&#8221; color=&#8221;&#8221; supertitle_position=&#8221;&#8221; font=&#8221;inherit&#8221; font_size=&#8221;20px&#8221; url=&#8221;https:\/\/www.droithumain.pl\/inka-nowotna-trojkat-konsystorza-warszawa\/&#8221; target=&#8221;_self&#8221; responsive=&#8221;&#8221; publish_datetime=&#8221;&#8221; expiry_datetime=&#8221;&#8221; el_id=&#8221;&#8221; el_class=&#8221;&#8221; el_style=&#8221;&#8221; size=&#8221;inherit&#8221; font_weight=&#8221;&#8221; dash=&#8221;none&#8221; supertitle_font_weight=&#8221;&#8221; subtitle_font_weight=&#8221;&#8221;][\/bt_bb_headline][bt_bb_separator top_spacing=&#8221;normal&#8221; bottom_spacing=&#8221;small&#8221; border_style=&#8221;none&#8221; color=&#8221;&#8221; border_width=&#8221;&#8221; responsive=&#8221;&#8221; publish_datetime=&#8221;&#8221; expiry_datetime=&#8221;&#8221; el_id=&#8221;&#8221; el_class=&#8221;&#8221; el_style=&#8221;&#8221;][\/bt_bb_separator][\/bt_bb_column][bt_bb_column width=&#8221;2\/3&#8243; align=&#8221;right&#8221; color_scheme=&#8221;&#8221; vertical_align=&#8221;top&#8221; inner_color_scheme=&#8221;&#8221; animation=&#8221;no_animation&#8221; responsive=&#8221;hidden_xs hidden_ms&#8221; padding=&#8221;normal&#8221; icon=&#8221;&#8221; icon_color_scheme=&#8221;&#8221; top_border=&#8221;&#8221; bottom_border=&#8221;&#8221; left_border=&#8221;&#8221; right_border=&#8221;&#8221; background_image=&#8221;&#8221; inner_background_image=&#8221;&#8221; lazy_load=&#8221;no&#8221; background_color=&#8221;&#8221; inner_background_color=&#8221;&#8221; opacity=&#8221;&#8221; publish_datetime=&#8221;&#8221; expiry_datetime=&#8221;&#8221; el_id=&#8221;&#8221; el_class=&#8221;&#8221; el_style=&#8221;&#8221;][bt_bb_text]<\/strong><\/strong><\/p>\n<p><img loading=\"lazy\" decoding=\"async\" class=\" wp-image-5627 alignright\" style=\"text-align: justify;\" src=\"https:\/\/tobgsxndps.cfolks.pl\/wp-content\/uploads\/2020\/04\/tb08a.jpg\" alt=\"\" width=\"219\" height=\"366\" srcset=\"https:\/\/tobgsxndps.cfolks.pl\/wp-content\/uploads\/2020\/04\/tb08a.jpg 299w, https:\/\/tobgsxndps.cfolks.pl\/wp-content\/uploads\/2020\/04\/tb08a-179x300.jpg 179w\" sizes=\"(max-width: 219px) 100vw, 219px\" \/><\/p>\n<p style=\"text-align: justify;\">Lo\u017ce wy\u017cszych stopni skupiaj\u0105 Wolnomularzy w\u00a0stopniach od 4\u00a0do\u00a033. W\u00a0Rycie Szkockim Dawnym i Uznanym, w\u00a0kt\u00f3rym pracuje Mi\u0119dzynarodowy Mieszany Zakon Wolnomularski \u201eLe Droit Humain\u201d dziel\u0105 si\u0119 na Warsztaty: Lo\u017ce Doskona\u0142o\u015bci pracuj\u0105ce w\u00a0stopniach od\u00a04\u00a0do\u00a014, Kapitu\u0142y od 15\u00a0do\u00a018\u00a0stopnia, Areopagi od 19 do 30 stopnia, wreszcie Konsystoria pracuj\u0105ce w stopniach 31 i 32. W stopniu 33 pracuje Rada Najwy\u017csza Zakonu posiadaj\u0105ca swoj\u0105 siedzib\u0119 w Zenicie Pary\u017ca. Przej\u015bcie do wy\u017cszych stopni wtajemniczenia to proces d\u0142ugotrwa\u0142y, uzale\u017cniony g\u0142\u00f3wnie od aktywno\u015bci i\u00a0wiedzy Wolnomularza. Uzyskanie najwy\u017cszych stopni trwa kilkana\u015bcie lat i\u00a0ka\u017cdorazowo poprzedzane jest licznymi sprawdzianami wiedzy wolnomularskiej. Ka\u017cdy uzyskany stopie\u0144 wie\u0144czony jest odpowiedni\u0105 ceremoni\u0105 podniesienia.<\/p>\n<p>[\/bt_bb_text][bt_bb_separator top_spacing=&#8221;small&#8221; bottom_spacing=&#8221;medium&#8221; border_style=&#8221;none&#8221; color=&#8221;&#8221; border_width=&#8221;&#8221; responsive=&#8221;&#8221; publish_datetime=&#8221;&#8221; expiry_datetime=&#8221;&#8221; el_id=&#8221;&#8221; el_class=&#8221;&#8221; el_style=&#8221;&#8221;][\/bt_bb_separator][\/bt_bb_column][\/bt_bb_row][\/bt_bb_section][bt_bb_section layout=&#8221;boxed_1200&#8243; lazy_load=&#8221;yes&#8221; show_video_on_mobile=&#8221;&#8221;][bt_bb_row][bt_bb_column lazy_load=&#8221;yes&#8221; width=&#8221;1\/1&#8243; align=&#8221;center&#8221; color_scheme=&#8221;&#8221; vertical_align=&#8221;top&#8221; inner_color_scheme=&#8221;&#8221; animation=&#8221;no_animation&#8221; responsive=&#8221;&#8221; padding=&#8221;normal&#8221; icon=&#8221;&#8221; icon_color_scheme=&#8221;&#8221; top_border=&#8221;&#8221; bottom_border=&#8221;&#8221; left_border=&#8221;&#8221; right_border=&#8221;&#8221; background_image=&#8221;&#8221; inner_background_image=&#8221;&#8221; background_color=&#8221;&#8221; inner_background_color=&#8221;&#8221; opacity=&#8221;&#8221; publish_datetime=&#8221;&#8221; expiry_datetime=&#8221;&#8221; el_id=&#8221;&#8221; el_class=&#8221;&#8221; el_style=&#8221;&#8221;][bt_bb_separator top_spacing=&#8221;medium&#8221; bottom_spacing=&#8221;&#8221; border_style=&#8221;none&#8221; color=&#8221;&#8221; border_width=&#8221;&#8221; responsive=&#8221;&#8221; publish_datetime=&#8221;&#8221; expiry_datetime=&#8221;&#8221; el_id=&#8221;&#8221; el_class=&#8221;&#8221; el_style=&#8221;&#8221;][\/bt_bb_separator][bt_bb_button text=&#8221;Powr\u00f3t do sekcji O\u015brodki Le Droit Humain w Polsce&#8221; icon=&#8221;&#8221; url=&#8221;https:\/\/www.droithumain.pl\/loze\/&#8221; target=&#8221;_self&#8221; size=&#8221;small&#8221; color_scheme=&#8221;alternate-accent-skin&#8221; style=&#8221;clean&#8221; icon_color_scheme=&#8221;light-alternate-skin&#8221; shape=&#8221;inherit&#8221; width=&#8221;inline&#8221; responsive=&#8221;&#8221; publish_datetime=&#8221;&#8221; expiry_datetime=&#8221;&#8221; el_id=&#8221;&#8221; el_class=&#8221;&#8221; el_style=&#8221;&#8221;][\/bt_bb_button][bt_bb_separator top_spacing=&#8221;small&#8221; bottom_spacing=&#8221;medium&#8221; border_style=&#8221;none&#8221; color=&#8221;&#8221; border_width=&#8221;&#8221; responsive=&#8221;&#8221; publish_datetime=&#8221;&#8221; expiry_datetime=&#8221;&#8221; el_id=&#8221;&#8221; el_class=&#8221;&#8221; el_style=&#8221;&#8221;][\/bt_bb_separator][\/bt_bb_column][\/bt_bb_row][\/bt_bb_section]<\/p>\n","protected":false},"excerpt":{"rendered":"<p>[bt_bb_section layout=&#8221;boxed_1100&#8243; lazy_load=&#8221;yes&#8221; show_video_on_mobile=&#8221;&#8221; top_spacing=&#8221;small&#8221; bottom_spacing=&#8221;&#8221; full_screen=&#8221;&#8221; negative_margin=&#8221;&#8221; vertical_align=&#8221;top&#8221; color_scheme=&#8221;&#8221; background_color=&#8221;&#8221; background_image=&#8221;&#8221; background_overlay=&#8221;&#8221; parallax=&#8221;&#8221; parallax_offset=&#8221;&#8221; background_video_yt=&#8221;&#8221; yt_video_settings=&#8221;&#8221; background_video_mp4=&#8221;&#8221; background_video_ogg=&#8221;&#8221; background_video_webm=&#8221;&#8221; responsive=&#8221;&#8221; publish_datetime=&#8221;&#8221; expiry_datetime=&#8221;&#8221; el_id=&#8221;&#8221; el_class=&#8221;&#8221; el_style=&#8221;&#8221;][bt_bb_row column_gap=&#8221;&#8221; row_width=&#8221;default&#8221; color_scheme=&#8221;&#8221; background_color=&#8221;&#8221; opacity=&#8221;&#8221; responsive=&#8221;&#8221; publish_datetime=&#8221;&#8221; expiry_datetime=&#8221;&#8221; el_id=&#8221;&#8221; el_class=&#8221;&#8221; el_style=&#8221;&#8221; layout=&#8221;&#8221;][bt_bb_column width=&#8221;1\/3&#8243; align=&#8221;center&#8221; color_scheme=&#8221;&#8221; vertical_align=&#8221;top&#8221; inner_color_scheme=&#8221;&#8221; animation=&#8221;no_animation&#8221; responsive=&#8221;&#8221; padding=&#8221;normal&#8221; icon=&#8221;&#8221; icon_color_scheme=&#8221;&#8221; top_border=&#8221;&#8221; bottom_border=&#8221;&#8221; left_border=&#8221;&#8221; right_border=&#8221;&#8221; background_image=&#8221;&#8221; inner_background_image=&#8221;&#8221; lazy_load=&#8221;no&#8221; [&hellip;]<\/p>\n","protected":false},"author":3,"featured_media":0,"parent":0,"menu_order":0,"comment_status":"closed","ping_status":"closed","template":"","meta":{"footnotes":""},"class_list":["post-5626","page","type-page","status-publish","hentry"],"_links":{"self":[{"href":"https:\/\/tobgsxndps.cfolks.pl\/index.php\/wp-json\/wp\/v2\/pages\/5626"}],"collection":[{"href":"https:\/\/tobgsxndps.cfolks.pl\/index.php\/wp-json\/wp\/v2\/pages"}],"about":[{"href":"https:\/\/tobgsxndps.cfolks.pl\/index.php\/wp-json\/wp\/v2\/types\/page"}],"author":[{"embeddable":true,"href":"https:\/\/tobgsxndps.cfolks.pl\/index.php\/wp-json\/wp\/v2\/users\/3"}],"replies":[{"embeddable":true,"href":"https:\/\/tobgsxndps.cfolks.pl\/index.php\/wp-json\/wp\/v2\/comments?post=5626"}],"version-history":[{"count":0,"href":"https:\/\/tobgsxndps.cfolks.pl\/index.php\/wp-json\/wp\/v2\/pages\/5626\/revisions"}],"wp:attachment":[{"href":"https:\/\/tobgsxndps.cfolks.pl\/index.php\/wp-json\/wp\/v2\/media?parent=5626"}],"curies":[{"name":"wp","href":"https:\/\/api.w.org\/{rel}","templated":true}]}}