{"id":5647,"date":"2020-04-02T12:49:59","date_gmt":"2020-04-02T10:49:59","guid":{"rendered":"http:\/\/testowa.tech\/?page_id=5647"},"modified":"2020-04-02T12:49:59","modified_gmt":"2020-04-02T10:49:59","slug":"qui-etait-janusz-korczak","status":"publish","type":"page","link":"https:\/\/tobgsxndps.cfolks.pl\/index.php\/qui-etait-janusz-korczak\/","title":{"rendered":"Qui \u00e9tait Janusz Korczak?"},"content":{"rendered":"<p>[bt_bb_section layout=&#8221;boxed_1200&#8243; lazy_load=&#8221;yes&#8221; show_video_on_mobile=&#8221;&#8221;][bt_bb_row][bt_bb_column lazy_load=&#8221;yes&#8221; width=&#8221;1\/1&#8243;][\/bt_bb_column][\/bt_bb_row][bt_bb_row][bt_bb_column lazy_load=&#8221;yes&#8221; width=&#8221;1\/1&#8243;][bt_bb_separator top_spacing=&#8221;normal&#8221; bottom_spacing=&#8221;&#8221; border_style=&#8221;none&#8221; color=&#8221;&#8221; border_width=&#8221;&#8221; responsive=&#8221;&#8221; publish_datetime=&#8221;&#8221; expiry_datetime=&#8221;&#8221; el_id=&#8221;&#8221; el_class=&#8221;&#8221; el_style=&#8221;&#8221;][\/bt_bb_separator][bt_bb_headline font_subset=&#8221;latin,latin-ext&#8221; superheadline=&#8221;&#8221; headline=&#8221;<strong>Qui \u00e9tait Janusz Korczak?<\/strong>&#8221; subheadline=&#8221;&#8221; html_tag=&#8221;h5&#8243; align=&#8221;inherit&#8221; color_scheme=&#8221;&#8221; color=&#8221;&#8221; supertitle_position=&#8221;&#8221; font=&#8221;inherit&#8221; font_size=&#8221;&#8221; url=&#8221;&#8221; target=&#8221;_self&#8221; responsive=&#8221;&#8221; publish_datetime=&#8221;&#8221; expiry_datetime=&#8221;&#8221; el_id=&#8221;&#8221; el_class=&#8221;&#8221; el_style=&#8221;&#8221; size=&#8221;inherit&#8221; font_weight=&#8221;&#8221; dash=&#8221;none&#8221; supertitle_font_weight=&#8221;&#8221; subtitle_font_weight=&#8221;&#8221;][\/bt_bb_headline][bt_bb_separator top_spacing=&#8221;normal&#8221; bottom_spacing=&#8221;&#8221; border_style=&#8221;none&#8221; color=&#8221;&#8221; border_width=&#8221;&#8221; responsive=&#8221;&#8221; publish_datetime=&#8221;&#8221; expiry_datetime=&#8221;&#8221; el_id=&#8221;&#8221; el_class=&#8221;&#8221; el_style=&#8221;&#8221;][\/bt_bb_separator][bt_bb_text]<\/p>\n<p style=\"text-align: justify;\"><strong>\u00a0<\/strong><strong>S:. <\/strong><strong>Alice Dworak<\/strong><\/p>\n<p style=\"text-align: justify;\"><em>Varsovie, le 18 avril 2019 (E<\/em>:.<em>V<\/em>:.<em>)<\/em><\/p>\n<p style=\"text-align: justify;\"><img loading=\"lazy\" decoding=\"async\" class=\"size-full wp-image-5644 alignleft\" src=\"https:\/\/tobgsxndps.cfolks.pl\/wp-content\/uploads\/2020\/04\/korczak.png\" alt=\"\" width=\"333\" height=\"235\" srcset=\"https:\/\/tobgsxndps.cfolks.pl\/wp-content\/uploads\/2020\/04\/korczak.png 333w, https:\/\/tobgsxndps.cfolks.pl\/wp-content\/uploads\/2020\/04\/korczak-300x212.png 300w\" sizes=\"(max-width: 333px) 100vw, 333px\" \/>Le docteur Janusz Korczak fut un homme tellement hors du commun, que le qualifier simplement \u00ab d\u2019extraordinaire \u00bb serait largement en dessous de la v\u00e9rit\u00e9. Sa biographie pr\u00e9sentant l\u2019homme et le ma\u00e7on qu\u2019il \u00e9tait ayant \u00e9t\u00e9 d\u00e9j\u00e0 pr\u00e9sent\u00e9e dans notre Bulletin International, je me limiterai \u00e0 retracer les grandes lignes de sa silhouette par un court rappel. Sa vie \u00e9tant largement connue, j\u2019\u00e9cris ces quelques r\u00e9flexions afin de tracer sch\u00e9matiquement, un r\u00e9sum\u00e9 de sa biographie afin de r\u00e9pondre \u00e0 la question\u00a0qui nous pr\u00e9occupe, \u00ab\u00a0en r\u00e9alit\u00e9, qui \u00e9tait cet homme\u00a0?\u00a0\u00bb. Comment \u00e9tait-il per\u00e7u, et ce, plus pr\u00e9cis\u00e9ment par ceux qui ont \u00e9t\u00e9 fascin\u00e9s par sa grandeur, par une des plus grandes figures humanistes et aussi comment s\u2019est-il vu lui-m\u00eame\u00a0?<\/p>\n<p style=\"text-align: justify;\">Janusz Korczak est n\u00e9 \u00e0 Varsovie en 1878, (son vrai nom \u00e9tait Henryk Goldsmith), dans une famille bourgeoise et cultiv\u00e9e. Son p\u00e8re \u00e9tait un avocat renomm\u00e9 tout comme son oncle qui, en plus d\u2019\u00eatre un avocat \u00e9tait occasionnellement un journaliste. Le jeune Henryk adolescent \u00e9tait passionn\u00e9 de po\u00e9sie, et a l\u2019\u00e2ge de 20 ans il publia son premier texte sign\u00e9 Korczak. Pseudonyme qui restera par la suite. Il \u00e9tudia la m\u00e9decine dans trois villes d\u2019Europe (Varsovie, Berlin et Paris) en y fr\u00e9quentant les milieux progressistes et affichera d\u00e9j\u00e0 \u00e0 cette \u00e9poque, les id\u00e9es d\u2019\u00e9galit\u00e9s entre les hommes et les femmes ainsi que le droit de l\u2019enfant au respect, a la parole et a l\u2019\u00e9ducation. Tr\u00e8s jeune, il fonde l\u2019orphelinat juif de Varsovie.<\/p>\n<p style=\"text-align: justify;\">Parmi ses \u0153uvres litt\u00e9raires, on en \u00a0trouve un grand nombre qui a \u00e9t\u00e9 consacr\u00e9 \u00e0 la p\u00e9dagogie et aussi des contes et romans pour les jeunes. \u00c0 partir de l\u2019ann\u00e9e 1911, il a abandonn\u00e9 la m\u00e9decine priv\u00e9e et a pris la direction de deux orphelinats dont un juif \u00e0 Varsovie.<\/p>\n<p style=\"text-align: justify;\">Dans le domaine p\u00e9dagogique, l\u2019\u0153uvre de Janusz Korczak rentre en droite ligne dans le nouveau courant de \u00ab\u00a0la p\u00e9dagogie active\u00a0\u00bb et de l\u2019\u00c9cole Nouvelle. Ce courant se situe dans la lign\u00e9e des travaux de Pestalozzi en Suisse, de Montessori, de Decroly, de F. Deligny, de l\u2019\u00c9cole de Summerhill, et fut l\u2019origine d\u2019une inspiration nouvelle pour de nombreux \u00e9ducateurs et d\u2019enseignants.<\/p>\n<p style=\"text-align: justify;\">Son syst\u00e8me \u00e9ducatif comprendra, entre autres, la cr\u00e9ation avec les adultes et les enfants, d\u2019un mod\u00e8le de la vie communautaire, r\u00e9git par un contrat social bas\u00e9 sur des lois, des devoirs \u00e9labor\u00e9s ensemble, en engageant et responsabilisant tous.<\/p>\n<p style=\"text-align: justify;\">Malheureusement, un matin d\u2019ao\u00fbt 1942, Janusz Korczak, est parti de son plein gr\u00e9 du petit Ghetto de Varsovie pour accompagner les enfants de l\u2019orphelinat qui avaient rendez-vous avec la Mort \u00e0 Treblinka. Il les a accompagn\u00e9s en leur montrant tout son amour et en leur apportant un dernier sentiment d\u2019humanit\u00e9. Fid\u00e8le a ses principes, avec eux, il a partag\u00e9 leur dernier voyage s\u2019effor\u00e7ant de les emmener dignement jusqu\u2019\u00e0 la fin de ce chemin sans retour, tout en s\u2019effor\u00e7ant, par son sacrifice, d\u2019adoucir les derni\u00e8rs instants de leurs vies.<\/p>\n<p style=\"text-align: justify;\">Pouvons r\u00e9pondre \u00e0 cette simple question\u00a0? \u00ab\u00a0<strong>Qui \u00e9tait Janusz Korczak\u00a0?<\/strong>\u00a0\u00bb<\/p>\n<p style=\"text-align: justify;\">Est-il possible de qualifier\u00a0un personnage pareil\u00a0? P\u00e9diatre bien s\u00fbr, p\u00e9dagogue, journaliste, \u00e9crivain, Mais encore\u00a0? Il nous faut l\u2019avouer\u00a0: nous ne savons rien de l\u2019essence de son \u00eatre profond.<\/p>\n<p style=\"text-align: justify;\">C\u2019\u00e9tait un homme simple, \u00e0 un tel point que son in\u00e9branlable droiture en a fait un \u00eatre \u00e9nigmatique, aux \u00a0multiples facettes. Pour comprendre un tant soit peu la complexit\u00e9 de cet Homme hors normes, il conviendra de rassembler la connaissance que nous avons de KORCZAK avec les visions qu\u2019avaient les autres de lui.<\/p>\n<p style=\"text-align: justify;\">Apr\u00e8s ses \u00e9tudes il d\u00e9crocha son dipl\u00f4me de m\u00e9decine et fut rapidement enr\u00f4l\u00e9 dans l\u2019arm\u00e9e comme officier m\u00e9decin. L\u2019arm\u00e9e russe l\u2019envoya alors sur le front japonais comme m\u00e9decin chef du train sanitaire. Apr\u00e8s de nombreuses p\u00e9rip\u00e9ties, on pourrait citer une d\u00e9cision prise par Korczak en 1914, qu&#8217;il a r\u00e9v\u00e9l\u00e9e dans une lettre en 1937\u00a0<em>:<\/em><\/p>\n<p style=\"text-align: justify;\"><em>\u00a0<\/em><em>\u00ab\u00a0Je me souviens du moment o\u00f9 j&#8217;ai d\u00e9cid\u00e9 de ne pas \u00e9tablir ma propre famille. C&#8217;\u00e9tait dans un parc pr\u00e8s de Londres quand j\u2019ai compris qu\u2019un esclave n&#8217;a pas le droit d&#8217;avoir des enfants et que je n\u2019\u00e9tais qu\u2019un Juif polonais sous la domination tsariste. Et d\u00e8s que cette r\u00e9v\u00e9lation germa dans mon esprit, j&#8217;ai senti que je me suicidais. C\u2019est alors, avec force et vigueur que j&#8217;ai men\u00e9 ma vie, qui me sembla tout \u00e0 coup tr\u00e8s d\u00e9sordonn\u00e9e, solitaire et \u00e9trang\u00e8re. En tant que fils, j&#8217;ai choisi l&#8217;id\u00e9e de servir l&#8217;enfant et sa cause.\u00a0\u00bb<\/em><\/p>\n<p style=\"text-align: justify;\">Ou est-ce simplement la recherche d&#8217;un alibi pour un amour inassouvi pour une femme\u00a0? Nous ne le saurons\u00a0 jamais, et pourtant un certain fragment de son journal intime donne beaucoup \u00e0 r\u00e9fl\u00e9chir<em>\u00a0:<\/em><\/p>\n<p style=\"text-align: justify;\"><em>\u00ab\u00a0\u00c0 la loterie de la vie, j&#8217;ai gagn\u00e9 les enjeux. Mais j&#8217;ai perdu la chance de gagner le prix principal, un prix important &#8211; c&#8217;est dommage. On m&#8217;a rendu \u00e0 juste titre ce que j&#8217;avais expos\u00e9. La solitude ne fait pas mal. J&#8217;appr\u00e9cie les souvenirs\u00a0\u00bb<\/em>. Nous ne pouvons que deviner ce que cela signifie.<\/p>\n<p style=\"text-align: justify;\">D\u00e8s lors, il a vou\u00e9 sa vie aux services les enfants, malgr\u00e9 l\u2019opposition de ses d\u00e9tracteurs qui n\u2019avaient rien compris et qui avaient contest\u00e9 ses m\u00e9thodes p\u00e9dagogiques. N\u00e9anmoins, il continua et \u00e9crivit un jour :<\/p>\n<p style=\"text-align: justify;\">\u00ab <em>Un po\u00e8te c\u2019est un homme qui est joyeux et pein\u00e9, il se f\u00e2che facilement et il aime sans concessions, mais aussi il ressent tout tr\u00e8s fort et peut facilement s\u2019\u00e9mouvoir ou compatir. Et les enfants eux aussi sont comme \u00e7a\u00a0<\/em>\u00bb. Et comme pour clore toute sa pratique p\u00e9dagogique il d\u00e9clare\u00a0: \u00ab <em>Une de plus grandes erreurs serait d\u2019imaginer que la p\u00e9dagogie est une science dont l\u2019objet est l\u2019enfant et non pas l\u2019homme \u00bb.<\/em><\/p>\n<p style=\"text-align: justify;\">Il est incontestable que le Vieux Docteur \u00e9tait un des tr\u00e8s rares hommes \u00e0 avoir trouv\u00e9 une des meilleures approches \u00e9ducatives et compr\u00e9hensives des enfants, en ressentant le sens du devoir et un amour incommensurable pour eux.<\/p>\n<p style=\"text-align: justify;\">Une des pupilles qui fut ensuite l\u2019employ\u00e9e de l\u2019orphelinat a \u00e9crit un tr\u00e8s \u00e9mouvant t\u00e9moignage en racontant la simplicit\u00e9 du \u00ab Docteur \u00bb dans sa vie au quotidien parmi ses enfants orphelins. Il s\u2019agit de l\u2019article qui est paru dans une revue mensuelle \u00ab KULTURA \u00bb \u00e0 Paris en 1982 intitul\u00e9s \u00ab Pan Docteur \u00bb sign\u00e9 Dora Borbrige, Melbourne (Australie).<\/p>\n<p style=\"text-align: justify;\">Dora Borbrige d\u00e9crit ainsi\u00a0: Janusz Korczak\u00a0:<\/p>\n<p style=\"text-align: justify;\"><em>\u00ab\u00a0Dans la vie de tous les jours, le \u00ab\u00a0Pan Docteur\u00a0\u00bb\u00a0\u00e9tait pour nous un p\u00e8re, un protecteur et un enseignant. Il avait le temps pour tout le monde mais avant tout, il avait cette affection paternelle pour chacun d\u2019entre nous. Il distribuait des bisous et dans ses mains, toujours chaleureuses, il serrait contre lui les enfants. L\u2019\u00e9ducation dans l\u2019orphelinat c\u2019\u00e9tait l\u2019apprentissage de l\u2019honn\u00eatet\u00e9 de la v\u00e9rit\u00e9 et la justice, en somme la bont\u00e9\u2026 Je me souviens des efforts\u00a0de \u00ab\u00a0Pan Docteur\u00a0\u00bb afin de nous inculquer le respect pour chaque travail que nous faisions. Le samedi, il nettoyait Lui-m\u00eame les escaliers, ainsi que les chaussures des enfants et il appelait cela\u00a0: \u00ab\u00a0l\u2019ordre, la brillance et l\u2019\u00e9l\u00e9gance.\u00a0\u00bb<\/em><\/p>\n<p style=\"text-align: justify;\"><em>\u00ab\u00a0Pan Docteur\u00a0\u00bb \u00e9tait toujours assis \u00e0 table avec les enfants ainsi que tout le personnel et c\u2019\u00e9tait vraiment passionnant d\u2019\u00eatre \u00e0 c\u00f4t\u00e9 de lui, car il nous racontait la guerre japonaise, et nous d\u00e9crivait les personnages qu\u2019il avait rencontr\u00e9s au cours de sa vie \u00bb.<\/em><\/p>\n<p style=\"text-align: justify;\">Ensuite Dora Borbrige raconte dans son article la guerre, la faim, les incroyables efforts du Docteur pour trouver la nourriture et s\u2019assurer qu\u2019elle ne nourrira que les enfants. Son t\u00e9moignage refl\u00e8te une des facettes de cette personnalit\u00e9 multiple que nous cherchons \u00e0 conna\u00eetre.<\/p>\n<p style=\"text-align: justify;\">Malgr\u00e9 cela, ils sont encore nombreux, ceux, qui se posent toujours la m\u00eame question\u00a0: Mais qui \u00e9tait vraiment cet homme\u00a0?<\/p>\n<p style=\"text-align: justify;\">La r\u00e9ponse n\u2019est jamais compl\u00e8te ni satisfaisante, m\u00eame celle qui nous vient en premier \u00e0 l\u2019esprit, mais nous pouvons sans h\u00e9sitation affirmer\u00a0: C\u2019\u00e9tait <strong>UN VRAI MA\u00c7ON<\/strong>.<\/p>\n<p style=\"text-align: justify;\">Un \u00e9crivain et fr\u00e8re polonais a \u00e9crit une belle et originale planche \u00e0 son sujet, intitul\u00e9e\u00a0: \u00ab\u00a0Comment Henryk Goldsmith a \u00e9lev\u00e9 Janusz Korczak\u00a0\u00bb. Il dit\u00a0:<\/p>\n<p style=\"text-align: justify;\"><em>\u00a0<\/em><em>\u00ab\u00a0Si\u00a0nous nous transf\u00e9rons dans l\u2019\u00e8re contemporaine humaniste et p\u00e9dagogique, avec les id\u00e9es et les agissements de Korczak, nous observons un sentiment incertain d\u2019admiration pour quelque chose de na\u00eff et pratique. Pratique, parce que la na\u00efvet\u00e9 adroitement mener contourne les obstacles de la pratique.\u00a0La distance de ce qui est une pragmatique dans le monde d\u2019aujourd\u2019hui est mesur\u00e9e par cette na\u00efvet\u00e9, parce qu\u2019elle est d\u00e9sint\u00e9ress\u00e9e, ce qui est rare de nos jours. Mais malgr\u00e9 la distance, nous avons l\u2019impression d\u2019\u00eatre dans une relation directe avec Korczak, et ce en d\u00e9pit des ann\u00e9es \u00e9coul\u00e9es, des diff\u00e9rences culturelles et sociales. Si nous pensons \u00e0 Janusz Korczak aujourd\u2019hui, alors \u00e0 ce moment, cet aujourd\u2019hui fait place \u00e0 cette pens\u00e9e, qui devient essentiellement une autre, et elle se transforme alors en une expression Korczak\u2019ienne\u00a0\u00bb<\/em><\/p>\n<p style=\"text-align: justify;\">Et encore, oh combien juste\u00a0:<\/p>\n<p style=\"text-align: justify;\"><em>\u00ab\u00a0Nous sommes humili\u00e9s de perplexit\u00e9 face \u00e0 l\u2019\u00eatre profond de Korczak. Si l\u2019on a des relations avec quelqu\u2019un que l\u2019on aime, on souhaiterait alors que s\u2019accomplisse sur lui un mythe immortel lui permettant d\u2019atteindre l\u2019essence m\u00eame de l\u2019\u00eatre humain, sur les traces qu\u2019il a laiss\u00e9 apr\u00e8s sa mort. Nous languissons apr\u00e8s la possibilit\u00e9 de biographie. Mais est-il possible de r\u00e9aliser la biographie d\u2019un tel homme, qui vivait en ces temps-l\u00e0 et ces circonstances\u00a0? Korczak est possible dans notre conscience. Sa biographie \u2013 non, mais nous pouvons la comprendre et pas seulement l\u2019\u00e9crire, car nous ne parviendrions jamais \u00e0 d\u00e9crire un \u00eatre pareil, ni l\u2019ajuster \u00e0 la vie soci\u00e9tale de notre temps.\u00a0\u00bb<\/em><\/p>\n<p style=\"text-align: justify;\">En conclusion, apr\u00e8s avoir \u00e9tudi\u00e9 attentivement les avis, les articles de presse et les planches ma\u00e7onniques tr\u00e8s document\u00e9es, je suis oblig\u00e9 d\u2019avouer mon incapacit\u00e9 de r\u00e9pondre avec certitude \u00e0 la question\u00a0: qui \u00e9tait Janusz Korczak\u00a0?<\/p>\n<p style=\"text-align: justify;\">N\u00e9anmoins, en \u00e9tudiant les nombreuses opinions concernant cette exceptionnelle figure, nous sommes contraints de reconnaitre que Janusz Korczak restera un des grands <strong>Hommes<\/strong> <strong>humanistes<\/strong> du XX-\u00e8me si\u00e8cle. C\u2019\u00e9tait un exceptionnel p\u00e9dagogue, un \u00e9ducateur hors pair, un grand philanthrope, ind\u00e9niablement un homme de lettres, et surtout un des plus grands protecteurs des enfants et de leurs causes que ce si\u00e8cle a port\u00e9s.<\/p>\n<p style=\"text-align: justify;\">Toutefois toutes ses qualit\u00e9s, tr\u00e8s largement reconnus et appr\u00e9ci\u00e9es, ne serait pas compl\u00e8tes, si l\u2019on omet de mentionner son appartenance \u00e0 la franc-ma\u00e7onnerie, et de surcroit au Droit Humain. En effet, c\u2019est au Droit Humain avec Maria Deraismes, Marie B\u00e9quet de Vienne et d\u2019autres SS\\ et FF\\ de notre Ordre, que sont aussi n\u00e9es et discut\u00e9es certains des id\u00e9es Korczakiennes qui plus tard, seront exploit\u00e9es dans la Convention Internationale des Droits de l\u2019Enfant.<\/p>\n<p style=\"text-align: justify;\">En l\u2019ann\u00e9e 2003, le Bulletin International N<sup>o<\/sup> 23 publie l\u2018article retra\u00e7ant la vie et l\u2019\u0153uvre de Janusz Korczak et le termine par un constat de ce que font \u00e0 ce jour les d\u00e9fenseurs de son \u0153uvre\u00a0:<\/p>\n<p style=\"text-align: justify;\">\u00ab\u00a0Cr\u00e9er en 1980 l\u2019Association suisse des Amis du Docteur Janusz Korczak propage la pens\u00e9e p\u00e9dagogique et sociale du \u00ab\u00a0vieux Docteur\u00a0\u00bb et soutient des programmes sp\u00e9cifiques au service des Droits de l\u2019enfant, partout dans le monde, en s\u2019appuyant \u00a0sur les principes d\u00e9mocratiques de l\u2019\u00e9ducation Korczakienne et visant \u00e0 promouvoir l\u2019apprentissage de la tol\u00e9rance par la connaissance \u00ab\u00a0de l\u2019autre\u00a0\u00bb d\u00e8s le plus jeune \u00e2ge.\u00a0\u00bb<\/p>\n<p style=\"text-align: justify;\">Il serait trop long \u00e9num\u00e9rer tous les pays, toutes les associations, personnalit\u00e9s, \u00e9coles, qui rendent l\u2019hommage \u00e0 <strong>Janusz Korczak<\/strong> et qui \u00e9l\u00e8vent les monuments en son souvenir.<\/p>\n<p>[\/bt_bb_text][bt_bb_separator top_spacing=&#8221;&#8221; bottom_spacing=&#8221;large&#8221; border_style=&#8221;none&#8221; color=&#8221;&#8221; border_width=&#8221;&#8221; responsive=&#8221;&#8221; publish_datetime=&#8221;&#8221; expiry_datetime=&#8221;&#8221; el_id=&#8221;&#8221; el_class=&#8221;&#8221; el_style=&#8221;&#8221;][\/bt_bb_separator][\/bt_bb_column][\/bt_bb_row][\/bt_bb_section]<\/p>\n","protected":false},"excerpt":{"rendered":"<p>[bt_bb_section layout=&#8221;boxed_1200&#8243; lazy_load=&#8221;yes&#8221; show_video_on_mobile=&#8221;&#8221;][bt_bb_row][bt_bb_column lazy_load=&#8221;yes&#8221; width=&#8221;1\/1&#8243;][\/bt_bb_column][\/bt_bb_row][bt_bb_row][bt_bb_column lazy_load=&#8221;yes&#8221; width=&#8221;1\/1&#8243;][bt_bb_separator top_spacing=&#8221;normal&#8221; bottom_spacing=&#8221;&#8221; border_style=&#8221;none&#8221; color=&#8221;&#8221; border_width=&#8221;&#8221; responsive=&#8221;&#8221; publish_datetime=&#8221;&#8221; expiry_datetime=&#8221;&#8221; el_id=&#8221;&#8221; el_class=&#8221;&#8221; el_style=&#8221;&#8221;][\/bt_bb_separator][bt_bb_headline font_subset=&#8221;latin,latin-ext&#8221; superheadline=&#8221;&#8221; headline=&#8221;Qui \u00e9tait Janusz Korczak?&#8221; subheadline=&#8221;&#8221; html_tag=&#8221;h5&#8243; align=&#8221;inherit&#8221; color_scheme=&#8221;&#8221; color=&#8221;&#8221; supertitle_position=&#8221;&#8221; font=&#8221;inherit&#8221; font_size=&#8221;&#8221; url=&#8221;&#8221; target=&#8221;_self&#8221; responsive=&#8221;&#8221; publish_datetime=&#8221;&#8221; expiry_datetime=&#8221;&#8221; el_id=&#8221;&#8221; el_class=&#8221;&#8221; el_style=&#8221;&#8221; size=&#8221;inherit&#8221; font_weight=&#8221;&#8221; dash=&#8221;none&#8221; supertitle_font_weight=&#8221;&#8221; subtitle_font_weight=&#8221;&#8221;][\/bt_bb_headline][bt_bb_separator top_spacing=&#8221;normal&#8221; bottom_spacing=&#8221;&#8221; border_style=&#8221;none&#8221; color=&#8221;&#8221; border_width=&#8221;&#8221; responsive=&#8221;&#8221; publish_datetime=&#8221;&#8221; expiry_datetime=&#8221;&#8221; el_id=&#8221;&#8221; [&hellip;]<\/p>\n","protected":false},"author":3,"featured_media":0,"parent":0,"menu_order":0,"comment_status":"closed","ping_status":"closed","template":"","meta":{"footnotes":""},"class_list":["post-5647","page","type-page","status-publish","hentry"],"_links":{"self":[{"href":"https:\/\/tobgsxndps.cfolks.pl\/index.php\/wp-json\/wp\/v2\/pages\/5647"}],"collection":[{"href":"https:\/\/tobgsxndps.cfolks.pl\/index.php\/wp-json\/wp\/v2\/pages"}],"about":[{"href":"https:\/\/tobgsxndps.cfolks.pl\/index.php\/wp-json\/wp\/v2\/types\/page"}],"author":[{"embeddable":true,"href":"https:\/\/tobgsxndps.cfolks.pl\/index.php\/wp-json\/wp\/v2\/users\/3"}],"replies":[{"embeddable":true,"href":"https:\/\/tobgsxndps.cfolks.pl\/index.php\/wp-json\/wp\/v2\/comments?post=5647"}],"version-history":[{"count":0,"href":"https:\/\/tobgsxndps.cfolks.pl\/index.php\/wp-json\/wp\/v2\/pages\/5647\/revisions"}],"wp:attachment":[{"href":"https:\/\/tobgsxndps.cfolks.pl\/index.php\/wp-json\/wp\/v2\/media?parent=5647"}],"curies":[{"name":"wp","href":"https:\/\/api.w.org\/{rel}","templated":true}]}}