{"id":5686,"date":"2020-04-02T14:34:17","date_gmt":"2020-04-02T12:34:17","guid":{"rendered":"http:\/\/testowa.tech\/?page_id=5686"},"modified":"2020-04-02T14:34:17","modified_gmt":"2020-04-02T12:34:17","slug":"swietlisty-krag-loza-doskonalosci-katowice","status":"publish","type":"page","link":"https:\/\/tobgsxndps.cfolks.pl\/index.php\/swietlisty-krag-loza-doskonalosci-katowice\/","title":{"rendered":"\u015awietlisty Kr\u0105g &#8211; Lo\u017ca Doskona\u0142o\u015bci &#8211; Katowice"},"content":{"rendered":"<p>[bt_bb_section layout=&#8221;wide&#8221; lazy_load=&#8221;yes&#8221; show_video_on_mobile=&#8221;&#8221; top_spacing=&#8221;large&#8221; bottom_spacing=&#8221;large&#8221; full_screen=&#8221;&#8221; vertical_align=&#8221;top&#8221; negative_margin=&#8221;&#8221; color_scheme=&#8221;&#8221; background_color=&#8221;&#8221; background_image=&#8221;5276&#8243; background_overlay=&#8221;&#8221; parallax=&#8221;0.2&#8243; parallax_offset=&#8221;&#8221; background_video_yt=&#8221;&#8221; yt_video_settings=&#8221;&#8221; background_video_mp4=&#8221;&#8221; background_video_ogg=&#8221;&#8221; background_video_webm=&#8221;&#8221; responsive=&#8221;&#8221; publish_datetime=&#8221;&#8221; expiry_datetime=&#8221;&#8221; el_id=&#8221;&#8221; el_class=&#8221;&#8221; el_style=&#8221;&#8221;][bt_bb_row][bt_bb_column lazy_load=&#8221;yes&#8221; width=&#8221;1\/1&#8243; align=&#8221;center&#8221; color_scheme=&#8221;&#8221; vertical_align=&#8221;top&#8221; inner_color_scheme=&#8221;&#8221; animation=&#8221;fade_in&#8221; responsive=&#8221;&#8221; padding=&#8221;normal&#8221; icon=&#8221;&#8221; icon_size=&#8221;&#8221; icon_align=&#8221;&#8221; icon_color_scheme=&#8221;&#8221; background_image=&#8221;&#8221; inner_background_image=&#8221;&#8221; background_color=&#8221;&#8221; inner_background_color=&#8221;&#8221; opacity=&#8221;&#8221; publish_datetime=&#8221;&#8221; expiry_datetime=&#8221;&#8221; el_id=&#8221;&#8221; el_class=&#8221;&#8221; el_style=&#8221;&#8221;][bt_bb_separator top_spacing=&#8221;&#8221; bottom_spacing=&#8221;normal&#8221; border_style=&#8221;none&#8221; border_width=&#8221;&#8221; responsive=&#8221;&#8221; publish_datetime=&#8221;&#8221; expiry_datetime=&#8221;&#8221; el_id=&#8221;&#8221; el_class=&#8221;&#8221; el_style=&#8221;&#8221; color=&#8221;&#8221;][\/bt_bb_separator][bt_bb_headline font_subset=&#8221;latin,latin-ext&#8221; superheadline=&#8221;&#8221; headline=&#8221;\u015awietlisty Kr\u0105g &#8211; Lo\u017ca Doskona\u0142o\u015bci<br \/>\n<strong>Katowice<\/strong>&#8221; subheadline=&#8221;&#8221; html_tag=&#8221;h3&#8243; align=&#8221;inherit&#8221; dash=&#8221;top&#8221; color_scheme=&#8221;dark-accent-skin&#8221; color=&#8221;&#8221; supertitle_position=&#8221;&#8221; font=&#8221;inherit&#8221; font_size=&#8221;&#8221; url=&#8221;&#8221; target=&#8221;_self&#8221; responsive=&#8221;&#8221; publish_datetime=&#8221;&#8221; expiry_datetime=&#8221;&#8221; el_id=&#8221;&#8221; el_class=&#8221;&#8221; el_style=&#8221;&#8221; size=&#8221;extralarge&#8221; font_weight=&#8221;&#8221; supertitle_font_weight=&#8221;&#8221; subtitle_font_weight=&#8221;&#8221;][\/bt_bb_headline][bt_bb_separator top_spacing=&#8221;&#8221; bottom_spacing=&#8221;normal&#8221; border_style=&#8221;none&#8221; border_width=&#8221;&#8221; responsive=&#8221;&#8221; publish_datetime=&#8221;&#8221; expiry_datetime=&#8221;&#8221; el_id=&#8221;&#8221; el_class=&#8221;&#8221; el_style=&#8221;&#8221; color=&#8221;&#8221;][\/bt_bb_separator][\/bt_bb_column][\/bt_bb_row][\/bt_bb_section][bt_bb_section layout=&#8221;boxed_1200&#8243; lazy_load=&#8221;yes&#8221; show_video_on_mobile=&#8221;&#8221;][bt_bb_row][bt_bb_column lazy_load=&#8221;yes&#8221; width=&#8221;1\/2&#8243; align=&#8221;center&#8221; color_scheme=&#8221;&#8221; vertical_align=&#8221;top&#8221; inner_color_scheme=&#8221;&#8221; animation=&#8221;fade_in zoom_in&#8221; responsive=&#8221;&#8221; padding=&#8221;normal&#8221; icon=&#8221;&#8221; icon_color_scheme=&#8221;&#8221; top_border=&#8221;&#8221; bottom_border=&#8221;&#8221; left_border=&#8221;&#8221; right_border=&#8221;&#8221; background_image=&#8221;&#8221; inner_background_image=&#8221;&#8221; background_color=&#8221;&#8221; inner_background_color=&#8221;&#8221; opacity=&#8221;&#8221; publish_datetime=&#8221;&#8221; expiry_datetime=&#8221;&#8221; el_id=&#8221;&#8221; el_class=&#8221;&#8221; el_style=&#8221;&#8221;][bt_bb_separator top_spacing=&#8221;medium&#8221; bottom_spacing=&#8221;&#8221; border_style=&#8221;none&#8221; color=&#8221;&#8221; border_width=&#8221;&#8221; responsive=&#8221;&#8221; publish_datetime=&#8221;&#8221; expiry_datetime=&#8221;&#8221; el_id=&#8221;&#8221; el_class=&#8221;&#8221; el_style=&#8221;&#8221;][\/bt_bb_separator][bt_bb_image lazy_load=&#8221;yes&#8221; image=&#8221;5742&#8243; size=&#8221;full&#8221; image_height=&#8221;&#8221; shape=&#8221;square&#8221; align=&#8221;inherit&#8221; caption=&#8221;&#8221; url=&#8221;&#8221; target=&#8221;_self&#8221; hover_style=&#8221;simple&#8221; content_display=&#8221;always&#8221; content_background_color=&#8221;&#8221; content_background_opacity=&#8221;&#8221; content_align=&#8221;middle&#8221; responsive=&#8221;&#8221; publish_datetime=&#8221;&#8221; expiry_datetime=&#8221;&#8221; el_id=&#8221;&#8221; el_class=&#8221;&#8221; el_style=&#8221;&#8221;][\/bt_bb_image][bt_bb_separator top_spacing=&#8221;normal&#8221; bottom_spacing=&#8221;&#8221; border_style=&#8221;none&#8221; color=&#8221;&#8221; border_width=&#8221;&#8221; responsive=&#8221;&#8221; publish_datetime=&#8221;&#8221; expiry_datetime=&#8221;&#8221; el_id=&#8221;&#8221; el_class=&#8221;&#8221; el_style=&#8221;&#8221;][\/bt_bb_separator][\/bt_bb_column][bt_bb_column width=&#8221;1\/2&#8243;][bt_bb_separator top_spacing=&#8221;medium&#8221; bottom_spacing=&#8221;&#8221; border_style=&#8221;none&#8221; color=&#8221;&#8221; border_width=&#8221;&#8221; responsive=&#8221;&#8221; publish_datetime=&#8221;&#8221; expiry_datetime=&#8221;&#8221; el_id=&#8221;&#8221; el_class=&#8221;&#8221; el_style=&#8221;&#8221;][\/bt_bb_separator][bt_bb_text]<\/p>\n<p style=\"text-align: justify;\"><span style=\"color: #003366;\"><strong>Szanowna Lo\u017ca Doskona\u0142o\u015bci &#8222;\u015awietlisty Kr\u0105g&#8221; na Wschodzie Katowic<\/strong><\/span><\/p>\n<p style=\"text-align: justify;\">Ceremonia Zapalenia \u015awiate\u0142 Szanownej Lo\u017cy \u201e\u015awietlisty Kr\u0105g\u201d na Wschodzie Katowic odby\u0142a si\u0119 w dniu 11 marca 2017 roku.<\/p>\n<p style=\"text-align: justify;\">&#8222;\u015awietlisty Kr\u0105g&#8221; jest pierwsz\u0105 na \u015al\u0105sku Lo\u017c\u0105 Doskona\u0142o\u015bci (pracuj\u0105c\u0105 w stopniach od 4 do 14).<\/p>\n<p style=\"text-align: justify;\">W nazwie \u201e\u015awietlisty Kr\u0105g\u201d, nadanej warsztatowi, cz\u0142onkowie-za\u0142o\u017cyciele zawarli szczytne cele i zadania, kt\u00f3re przed sob\u0105 postawili. Oznacza ona, \u017ce b\u0119d\u0105 pracowa\u0107 bez wytchnienia i wytrwale d\u0105\u017cy\u0107 do \u015awiat\u0142a. B\u0119d\u0105 jednoczy\u0107 Siostry i\u00a0Braci w poszukiwaniu Prawdy i\u00a0wspomaga\u0107 ich wysi\u0142ki dla realizacji idea\u0142\u00f3w wolno\u015bci, tolerancji i braterstwa. B\u0119d\u0105 te\u017c swoj\u0105 prac\u0105 poszerza\u0107 \u201ebraterski kr\u0105g\u201d, z\u00a0kt\u00f3rego \u015awiat\u0142o b\u0119dzie promieniowa\u0142o na Ziemi\u0119 \u015al\u0105sk\u0105, stwarzaj\u0105c lepsze warunki dla post\u0119pu inicjacyjnego Si\u00f3str i Braci zrzeszonych w\u00a0lo\u017cach na po\u0142udniu Polski.<\/p>\n<p>Prace odbywaj\u0105 si\u0119 w pierwsz\u0105 sobot\u0119 miesi\u0105ca o godz. 10:00.<\/p>\n<p><strong><a href=\"mailto:sekretariat@droithumain.pl;\">Kontakt<\/a><\/strong><\/p>\n<p>[\/bt_bb_text][bt_bb_separator top_spacing=&#8221;medium&#8221; bottom_spacing=&#8221;&#8221; border_style=&#8221;none&#8221; color=&#8221;&#8221; border_width=&#8221;&#8221; responsive=&#8221;&#8221; publish_datetime=&#8221;&#8221; expiry_datetime=&#8221;&#8221; el_id=&#8221;&#8221; el_class=&#8221;&#8221; el_style=&#8221;&#8221;][\/bt_bb_separator][\/bt_bb_column][\/bt_bb_row][\/bt_bb_section][bt_bb_section layout=&#8221;boxed_1200&#8243; lazy_load=&#8221;yes&#8221; show_video_on_mobile=&#8221;&#8221;][bt_bb_row][bt_bb_column lazy_load=&#8221;yes&#8221; width=&#8221;1\/1&#8243; align=&#8221;center&#8221; color_scheme=&#8221;&#8221; vertical_align=&#8221;top&#8221; inner_color_scheme=&#8221;&#8221; animation=&#8221;no_animation&#8221; responsive=&#8221;&#8221; padding=&#8221;normal&#8221; icon=&#8221;&#8221; icon_color_scheme=&#8221;&#8221; top_border=&#8221;&#8221; bottom_border=&#8221;&#8221; left_border=&#8221;&#8221; right_border=&#8221;&#8221; background_image=&#8221;&#8221; inner_background_image=&#8221;&#8221; background_color=&#8221;&#8221; inner_background_color=&#8221;&#8221; opacity=&#8221;&#8221; publish_datetime=&#8221;&#8221; expiry_datetime=&#8221;&#8221; el_id=&#8221;&#8221; el_class=&#8221;&#8221; el_style=&#8221;&#8221;][bt_bb_separator top_spacing=&#8221;normal&#8221; bottom_spacing=&#8221;&#8221; border_style=&#8221;none&#8221; color=&#8221;&#8221; border_width=&#8221;&#8221; responsive=&#8221;&#8221; publish_datetime=&#8221;&#8221; expiry_datetime=&#8221;&#8221; el_id=&#8221;&#8221; el_class=&#8221;&#8221; el_style=&#8221;&#8221;][\/bt_bb_separator][bt_bb_button text=&#8221;Powr\u00f3t do sekcji Warsztaty Wy\u017cszych Stopni&#8221; icon=&#8221;&#8221; url=&#8221;https:\/\/www.droithumain.pl\/warsztaty-wyzszych-stopni\/&#8221; target=&#8221;_self&#8221; size=&#8221;small&#8221; color_scheme=&#8221;alternate-accent-skin&#8221; style=&#8221;clean&#8221; icon_color_scheme=&#8221;light-alternate-skin&#8221; shape=&#8221;inherit&#8221; width=&#8221;inline&#8221; responsive=&#8221;&#8221; publish_datetime=&#8221;&#8221; expiry_datetime=&#8221;&#8221; el_id=&#8221;&#8221; el_class=&#8221;&#8221; el_style=&#8221;&#8221;][\/bt_bb_button][bt_bb_separator top_spacing=&#8221;small&#8221; bottom_spacing=&#8221;medium&#8221; border_style=&#8221;none&#8221; color=&#8221;&#8221; border_width=&#8221;&#8221; responsive=&#8221;&#8221; publish_datetime=&#8221;&#8221; expiry_datetime=&#8221;&#8221; el_id=&#8221;&#8221; el_class=&#8221;&#8221; el_style=&#8221;&#8221;][\/bt_bb_separator][\/bt_bb_column][\/bt_bb_row][\/bt_bb_section]<\/p>\n","protected":false},"excerpt":{"rendered":"<p>[bt_bb_section layout=&#8221;wide&#8221; lazy_load=&#8221;yes&#8221; show_video_on_mobile=&#8221;&#8221; top_spacing=&#8221;large&#8221; bottom_spacing=&#8221;large&#8221; full_screen=&#8221;&#8221; vertical_align=&#8221;top&#8221; negative_margin=&#8221;&#8221; color_scheme=&#8221;&#8221; background_color=&#8221;&#8221; background_image=&#8221;5276&#8243; background_overlay=&#8221;&#8221; parallax=&#8221;0.2&#8243; parallax_offset=&#8221;&#8221; background_video_yt=&#8221;&#8221; yt_video_settings=&#8221;&#8221; background_video_mp4=&#8221;&#8221; background_video_ogg=&#8221;&#8221; background_video_webm=&#8221;&#8221; responsive=&#8221;&#8221; publish_datetime=&#8221;&#8221; expiry_datetime=&#8221;&#8221; el_id=&#8221;&#8221; el_class=&#8221;&#8221; el_style=&#8221;&#8221;][bt_bb_row][bt_bb_column lazy_load=&#8221;yes&#8221; width=&#8221;1\/1&#8243; align=&#8221;center&#8221; color_scheme=&#8221;&#8221; vertical_align=&#8221;top&#8221; inner_color_scheme=&#8221;&#8221; animation=&#8221;fade_in&#8221; responsive=&#8221;&#8221; padding=&#8221;normal&#8221; icon=&#8221;&#8221; icon_size=&#8221;&#8221; icon_align=&#8221;&#8221; icon_color_scheme=&#8221;&#8221; background_image=&#8221;&#8221; inner_background_image=&#8221;&#8221; background_color=&#8221;&#8221; inner_background_color=&#8221;&#8221; opacity=&#8221;&#8221; publish_datetime=&#8221;&#8221; expiry_datetime=&#8221;&#8221; el_id=&#8221;&#8221; el_class=&#8221;&#8221; el_style=&#8221;&#8221;][bt_bb_separator top_spacing=&#8221;&#8221; bottom_spacing=&#8221;normal&#8221; border_style=&#8221;none&#8221; border_width=&#8221;&#8221; responsive=&#8221;&#8221; publish_datetime=&#8221;&#8221; [&hellip;]<\/p>\n","protected":false},"author":3,"featured_media":0,"parent":0,"menu_order":0,"comment_status":"closed","ping_status":"closed","template":"","meta":{"footnotes":""},"class_list":["post-5686","page","type-page","status-publish","hentry"],"_links":{"self":[{"href":"https:\/\/tobgsxndps.cfolks.pl\/index.php\/wp-json\/wp\/v2\/pages\/5686"}],"collection":[{"href":"https:\/\/tobgsxndps.cfolks.pl\/index.php\/wp-json\/wp\/v2\/pages"}],"about":[{"href":"https:\/\/tobgsxndps.cfolks.pl\/index.php\/wp-json\/wp\/v2\/types\/page"}],"author":[{"embeddable":true,"href":"https:\/\/tobgsxndps.cfolks.pl\/index.php\/wp-json\/wp\/v2\/users\/3"}],"replies":[{"embeddable":true,"href":"https:\/\/tobgsxndps.cfolks.pl\/index.php\/wp-json\/wp\/v2\/comments?post=5686"}],"version-history":[{"count":0,"href":"https:\/\/tobgsxndps.cfolks.pl\/index.php\/wp-json\/wp\/v2\/pages\/5686\/revisions"}],"wp:attachment":[{"href":"https:\/\/tobgsxndps.cfolks.pl\/index.php\/wp-json\/wp\/v2\/media?parent=5686"}],"curies":[{"name":"wp","href":"https:\/\/api.w.org\/{rel}","templated":true}]}}